{"id":4452,"date":"2024-09-11T14:52:19","date_gmt":"2024-09-11T13:52:19","guid":{"rendered":"https:\/\/www.concentricab.com\/se\/?page_id=4452"},"modified":"2024-09-11T14:55:41","modified_gmt":"2024-09-11T13:55:41","slug":"circle-bidcos-offentliga-uppkopserbjudande","status":"publish","type":"page","link":"https:\/\/www.concentricab.com\/se\/circle-bidcos-offentliga-uppkopserbjudande\/","title":{"rendered":"Circle BidCos offentliga uppk\u00f6pserbjudande"},"content":{"rendered":"\n<div class=\"wp-block-group is-vertical is-layout-flex wp-container-core-group-is-layout-8cf370e7 wp-block-group-is-layout-flex\">\n<h2 class=\"wp-block-heading\">Uttalande fr\u00e5n styrelsen f\u00f6r Concentric med anledning av Circle BidCos offentliga uppk\u00f6pserbjudande<\/h2>\n\n\n\n<p><\/p>\n\n\n\n<p><strong>Styrelsen f\u00f6r Concentric rekommenderar enh\u00e4lligt Concentrics aktie\u00e4gare att acceptera det offentliga uppk\u00f6pserbjudandet fr\u00e5n Circle BidCo<\/strong><\/p>\n\n\n\n<p>Den 29 augusti 2024 offentliggjorde Circle BidCo ApS (&#8221;<strong>Circle BidCo<\/strong>&#8221;), ett hel\u00e4gt, indirekt dotterbolag till A.P. M\u00f8ller Holding A\/S, ett offentligt uppk\u00f6pserbjudande till aktie\u00e4garna i Concentric AB (&#8221;<strong>Concentric<\/strong>&#8221; eller &#8221;<strong>Bolaget<\/strong>&#8221;) att \u00f6verl\u00e5ta samtliga sina aktier i Bolaget till Circle BidCo till ett pris om 230 kronor kontant per aktie (&#8221;<strong>Erbjudandet<\/strong>&#8221;).<\/p>\n\n\n\n<p>Detta uttalande avseende Erbjudandet l\u00e4mnas av styrelsen f\u00f6r Concentric i enlighet med punkt II.19 i Nasdaq Stockholms takeover-regler (&#8221;<strong>Takeover-reglerna<\/strong>&#8221;).<\/p>\n\n\n\n<div class=\"wp-block-buttons is-layout-flex wp-block-buttons-is-layout-flex\">\n<div class=\"wp-block-button\"><a class=\"wp-block-button__link wp-element-button\" href=\"https:\/\/www.concentricab.com\/se\/press-releases\/?releaseIdentifier=AB6C1096BEC192A4\">Pressmeddelande (Svenska)<\/a><\/div>\n\n\n\n<div class=\"wp-block-button\"><a class=\"wp-block-button__link wp-element-button\" href=\"https:\/\/mb.cision.com\/Main\/1643\/4030209\/2968993.pdf\">EY:s fairness opinion (Svenska)<\/a><\/div>\n<\/div>\n\n\n\n<h3 class=\"wp-block-heading has-medium-font-size\"><strong>F\u00f6r ytterligare information om Erbjudandet, v\u00e4nligen se  <a href=\"https:\/\/circle-bidco.com\/\">Circle BidCo\u2019s hemsida<\/a><\/strong><\/h3>\n<\/div>\n","protected":false},"excerpt":{"rendered":"<p>Uttalande fr\u00e5n styrelsen f\u00f6r Concentric med anledning av Circle BidCos offentliga uppk\u00f6pserbjudande Styrelsen f\u00f6r Concentric rekommenderar enh\u00e4lligt Concentrics aktie\u00e4gare att acceptera det offentliga uppk\u00f6pserbjudandet fr\u00e5n Circle BidCo Den 29 augusti 2024 offentliggjorde Circle BidCo ApS (&#8221;Circle BidCo&#8221;), ett hel\u00e4gt, indirekt dotterbolag till A.P. M\u00f8ller Holding A\/S, ett offentligt uppk\u00f6pserbjudande till aktie\u00e4garna i Concentric AB (&#8221;Concentric&#8221; [&hellip;]<\/p>\n","protected":false},"author":1,"featured_media":0,"parent":0,"menu_order":0,"comment_status":"closed","ping_status":"closed","template":"","meta":{"_acf_changed":false,"_relevanssi_hide_post":"","_relevanssi_hide_content":"","_relevanssi_pin_for_all":"","_relevanssi_pin_keywords":"","_relevanssi_unpin_keywords":"","_relevanssi_related_keywords":"","_relevanssi_related_include_ids":"","_relevanssi_related_exclude_ids":"","_relevanssi_related_no_append":"","_relevanssi_related_not_related":"","_relevanssi_related_posts":"1740,1742,1745,1749,1752","_relevanssi_noindex_reason":"","_trash_the_other_posts":false,"editor_notices":[],"footnotes":""},"class_list":["post-4452","page","type-page","status-publish","hentry"],"acf":[],"_links":{"self":[{"href":"https:\/\/www.concentricab.com\/se\/wp-json\/wp\/v2\/pages\/4452","targetHints":{"allow":["GET"]}}],"collection":[{"href":"https:\/\/www.concentricab.com\/se\/wp-json\/wp\/v2\/pages"}],"about":[{"href":"https:\/\/www.concentricab.com\/se\/wp-json\/wp\/v2\/types\/page"}],"author":[{"embeddable":true,"href":"https:\/\/www.concentricab.com\/se\/wp-json\/wp\/v2\/users\/1"}],"replies":[{"embeddable":true,"href":"https:\/\/www.concentricab.com\/se\/wp-json\/wp\/v2\/comments?post=4452"}],"version-history":[{"count":5,"href":"https:\/\/www.concentricab.com\/se\/wp-json\/wp\/v2\/pages\/4452\/revisions"}],"predecessor-version":[{"id":4458,"href":"https:\/\/www.concentricab.com\/se\/wp-json\/wp\/v2\/pages\/4452\/revisions\/4458"}],"wp:attachment":[{"href":"https:\/\/www.concentricab.com\/se\/wp-json\/wp\/v2\/media?parent=4452"}],"curies":[{"name":"wp","href":"https:\/\/api.w.org\/{rel}","templated":true}]}}