{"id":2460,"date":"2024-01-23T14:53:23","date_gmt":"2024-01-23T14:53:23","guid":{"rendered":"https:\/\/www.concentricab.com\/?page_id=2460"},"modified":"2024-07-24T14:52:34","modified_gmt":"2024-07-24T13:52:34","slug":"policies-and-governance","status":"publish","type":"page","link":"https:\/\/www.concentricab.com\/se\/sustainability\/policies-and-governance\/","title":{"rendered":"Policyer och styrning"},"content":{"rendered":"\n<div class=\"wp-block-group has-light-grey-background-color has-background is-vertical is-layout-flex wp-container-core-group-is-layout-8cf370e7 wp-block-group-is-layout-flex\">\n<div class=\"wp-block-columns is-layout-flex wp-container-core-columns-is-layout-9d6595d7 wp-block-columns-is-layout-flex\">\n<div class=\"wp-block-column is-layout-flow wp-block-column-is-layout-flow\" style=\"flex-basis:66.66%\">\n<p>Concentric har vidtagit flera \u00e5tg\u00e4rder f\u00f6r att st\u00e4rka strukturen f\u00f6r bolagets h\u00e5llbarhetsstyrning, f\u00f6r att s\u00e4kerst\u00e4lla att h\u00e5llbarhetsaspekter prioriteras och integreras i hela verksamheten. Concentric planerar att slutf\u00f6ra drifts\u00e4ttningen av planerna f\u00f6r att st\u00f6dja tillv\u00e4xt i verksamheten parallellt med \u00f6verg\u00e5ngen till en koldioxidneutral framtid. Styrelsen har det \u00f6vergripande ansvaret f\u00f6r h\u00e5llbarhetsarbetet och fastst\u00e4ller policyer och inriktning. Styrelsen har fastst\u00e4llt ett antal principer och policyer i linje med v\u00e5ra ambitioner.<\/p>\n\n\n\n<p>V\u00e5ra policyer utg\u00f6r strukturen f\u00f6r att Concentric ska kunna uppn\u00e5 sina ambitioner p\u00e5 ett s\u00e4tt som hedrar v\u00e5ra medarbetare och v\u00e5r planet. Vi f\u00f6rv\u00e4ntar oss att v\u00e5ra leverant\u00f6rer och kunder agerar p\u00e5 samma s\u00e4tt och s\u00e4tter upp tydliga riktlinjer f\u00f6r hur vi uppn\u00e5r dessa m\u00e5l tillsammans.<\/p>\n\n\n\n<div class=\"wp-block-buttons is-layout-flex wp-block-buttons-is-layout-flex\">\n<div class=\"wp-block-button\"><a class=\"wp-block-button__link wp-element-button\" href=\"https:\/\/www.concentricab.com\/business-ethics-policy\/\">Business Ethics<\/a><\/div>\n\n\n\n<div class=\"wp-block-button\"><a class=\"wp-block-button__link wp-element-button\" href=\"https:\/\/www.concentricab.com\/code-of-conduct\/\">Code of Conduct<\/a><\/div>\n\n\n\n<div class=\"wp-block-button\"><a class=\"wp-block-button__link wp-element-button\" href=\"https:\/\/www.concentricab.com\/code-of-conduct\/\">Insider<\/a><\/div>\n\n\n\n<div class=\"wp-block-button\"><a class=\"wp-block-button__link wp-element-button\" href=\"https:\/\/www.concentricab.com\/content\/uploads\/2024\/04\/Supplier-Code-of-Conduct_2024.pdf\">Supplier Code of Conduct<\/a><\/div>\n<\/div>\n\n\n\n<div class=\"wp-block-buttons is-layout-flex wp-block-buttons-is-layout-flex\">\n<div class=\"wp-block-button\"><a class=\"wp-block-button__link wp-element-button\" href=\"https:\/\/www.concentricab.com\/modern-slavery\/\">Modern Slavery<\/a><\/div>\n\n\n\n<div class=\"wp-block-button\"><a class=\"wp-block-button__link wp-element-button\" href=\"https:\/\/www.concentricab.com\/code-of-conduct\/\">Social Human Rights<\/a><\/div>\n\n\n\n<div class=\"wp-block-button\"><a class=\"wp-block-button__link wp-element-button\" href=\"https:\/\/www.concentricab.com\/code-of-conduct\/\">Health &amp; Safety<\/a><\/div>\n\n\n\n<div class=\"wp-block-button\"><a class=\"wp-block-button__link wp-element-button\" href=\"https:\/\/www.concentricab.com\/anti-bribery-corruption-policy\/\" target=\"_blank\" rel=\"noreferrer noopener\">Anti Bribery and Corruption<\/a><\/div>\n\n\n\n<div class=\"wp-block-button\"><a class=\"wp-block-button__link wp-element-button\" href=\"https:\/\/www.concentricab.com\/anti-bribery-corruption-policy\/\">Anti Harassment<\/a><\/div>\n<\/div>\n\n\n\n<div class=\"wp-block-buttons is-layout-flex wp-block-buttons-is-layout-flex\">\n<div class=\"wp-block-button\"><a class=\"wp-block-button__link wp-element-button\" href=\"https:\/\/www.concentricab.com\/code-of-conduct\/\">Environmental<\/a><\/div>\n\n\n\n<div class=\"wp-block-button\"><a class=\"wp-block-button__link wp-element-button\" href=\"https:\/\/www.concentricab.com\/content\/uploads\/2024\/02\/Whistleblowing-Policy.pdf\">Whistleblowing<\/a><\/div>\n<\/div>\n<\/div>\n\n\n\n<div class=\"wp-block-column is-layout-flow wp-block-column-is-layout-flow\" style=\"flex-basis:33.33%\">            <div class=\"side-menu-container\">\n            <h6>V\u00e5r filosofi<\/h6>\n            <ul>\n                                        <li>\n                            <a href=\"https:\/\/www.concentricab.com\/se\/sustainability\/\">\n                                V\u00e5r ambition                            <\/a>\n                    \n                    \n                                            <\/li>                           \n                        \n                                            <li>\n                            <a href=\"\/se\/sustainability\/#our-philosophy\">\n                                V\u00e5r filosofi                            <\/a>\n                    \n                    \n                    \n                    \n                    \n                                                    <ul class=\"sub-menu\">\n                        \n                            <li>\n                                <a href=\"https:\/\/www.concentricab.com\/se\/sustainability\/people\/\">Personalen<\/a>\n                            <\/li>\n\n                                            \n                    \n                    \n                    \n                        \n                            <li>\n                                <a href=\"https:\/\/www.concentricab.com\/se\/sustainability\/planet\/\">Planeten<\/a>\n                            <\/li>\n\n                                            \n                    \n                    \n                    \n                        \n                            <li>\n                                <a href=\"https:\/\/www.concentricab.com\/se\/sustainability\/innovative-products-partnerships\/\">Innovativa produkter och samarbeten<\/a>\n                            <\/li>\n\n                                            \n                    \n                    \n                    \n                        \n                            <li>\n                                <a href=\"https:\/\/www.concentricab.com\/se\/sustainability\/policies-and-governance\/\">Policyer och styrning<\/a>\n                            <\/li>\n\n                                                    <\/ul>\n                                                \n                                            <\/li>                           \n                        \n                                            <li>\n                            <a href=\"https:\/\/www.concentricab.com\/se\/sustainability-reports\/\">\n                                H\u00e5llbarhetsrapporter                            <\/a>\n                    \n                    \n                                            <\/li>                           \n                        \n                                            <li>\n                            <a href=\"https:\/\/www.concentricab.com\/se\/corporate-governance\/\">\n                                F\u00f6retagsstyrning                            <\/a>\n                    \n                    \n                    \n                                <\/ul>\n        <\/div>\n    <\/div>\n<\/div>\n<\/div>\n\n\n\n<div class=\"wp-block-group has-very-dark-beige-background-color has-background is-vertical is-layout-flex wp-container-core-group-is-layout-8cf370e7 wp-block-group-is-layout-flex\"><\/div>\n","protected":false},"excerpt":{"rendered":"<p>Concentric har vidtagit flera \u00e5tg\u00e4rder f\u00f6r att st\u00e4rka strukturen f\u00f6r bolagets h\u00e5llbarhetsstyrning, f\u00f6r att s\u00e4kerst\u00e4lla att h\u00e5llbarhetsaspekter prioriteras och integreras i hela verksamheten. Concentric planerar att slutf\u00f6ra drifts\u00e4ttningen av planerna f\u00f6r att st\u00f6dja tillv\u00e4xt i verksamheten parallellt med \u00f6verg\u00e5ngen till en koldioxidneutral framtid. Styrelsen har det \u00f6vergripande ansvaret f\u00f6r h\u00e5llbarhetsarbetet och fastst\u00e4ller policyer och inriktning. [&hellip;]<\/p>\n","protected":false},"author":2,"featured_media":0,"parent":1320,"menu_order":0,"comment_status":"closed","ping_status":"closed","template":"","meta":{"_acf_changed":false,"_relevanssi_hide_post":"","_relevanssi_hide_content":"","_relevanssi_pin_for_all":"","_relevanssi_pin_keywords":"","_relevanssi_unpin_keywords":"","_relevanssi_related_keywords":"","_relevanssi_related_include_ids":"","_relevanssi_related_exclude_ids":"","_relevanssi_related_no_append":"","_relevanssi_related_not_related":"","_relevanssi_related_posts":"1752,1,1742,1745,1749,1740","_relevanssi_noindex_reason":"","_trash_the_other_posts":false,"editor_notices":[],"footnotes":""},"class_list":["post-2460","page","type-page","status-publish","hentry"],"acf":[],"_links":{"self":[{"href":"https:\/\/www.concentricab.com\/se\/wp-json\/wp\/v2\/pages\/2460","targetHints":{"allow":["GET"]}}],"collection":[{"href":"https:\/\/www.concentricab.com\/se\/wp-json\/wp\/v2\/pages"}],"about":[{"href":"https:\/\/www.concentricab.com\/se\/wp-json\/wp\/v2\/types\/page"}],"author":[{"embeddable":true,"href":"https:\/\/www.concentricab.com\/se\/wp-json\/wp\/v2\/users\/2"}],"replies":[{"embeddable":true,"href":"https:\/\/www.concentricab.com\/se\/wp-json\/wp\/v2\/comments?post=2460"}],"version-history":[{"count":10,"href":"https:\/\/www.concentricab.com\/se\/wp-json\/wp\/v2\/pages\/2460\/revisions"}],"predecessor-version":[{"id":4382,"href":"https:\/\/www.concentricab.com\/se\/wp-json\/wp\/v2\/pages\/2460\/revisions\/4382"}],"up":[{"embeddable":true,"href":"https:\/\/www.concentricab.com\/se\/wp-json\/wp\/v2\/pages\/1320"}],"wp:attachment":[{"href":"https:\/\/www.concentricab.com\/se\/wp-json\/wp\/v2\/media?parent=2460"}],"curies":[{"name":"wp","href":"https:\/\/api.w.org\/{rel}","templated":true}]}}