{"id":2454,"date":"2024-01-23T14:50:22","date_gmt":"2024-01-23T14:50:22","guid":{"rendered":"https:\/\/www.concentricab.com\/?page_id=2454"},"modified":"2024-07-24T14:45:02","modified_gmt":"2024-07-24T13:45:02","slug":"innovative-products-partnerships","status":"publish","type":"page","link":"https:\/\/www.concentricab.com\/se\/sustainability\/innovative-products-partnerships\/","title":{"rendered":"Innovativa produkter och samarbeten"},"content":{"rendered":"\n<div class=\"wp-block-group has-light-grey-background-color has-background is-vertical is-layout-flex wp-container-core-group-is-layout-8cf370e7 wp-block-group-is-layout-flex\">\n<div class=\"wp-block-columns is-layout-flex wp-container-core-columns-is-layout-9d6595d7 wp-block-columns-is-layout-flex\">\n<div class=\"wp-block-column is-layout-flow wp-block-column-is-layout-flow\" style=\"flex-basis:66.66%\">\n<h3 class=\"wp-block-heading\">M\u00e5lmedvetet arbeta med att leverera ledande produkter som hj\u00e4lper v\u00e5ra kunder att \u00f6ka energieffektiviteten och minska sin milj\u00f6p\u00e5verkan.<\/h3>\n\n\n\n<p>Under de senaste \u00e5ren har EMP fokuserat sina anstr\u00e4ngningar p\u00e5 att utveckla en rad h\u00f6gsp\u00e4nningskomponenter (HV) f\u00f6r att m\u00f6ta de tunga termiska ledningsbehoven f\u00f6r kommersiella fordon s\u00e5v\u00e4l som p\u00e5 och utanf\u00f6r motorv\u00e4gstill\u00e4mpningar. En av komponenterna inkluderar en HV-version av EMP-m\u00e4rkt redan popul\u00e4ra Smart Flow\u00ae FiC-15 e-fl\u00e4kt, som \u00e4r v\u00e4l l\u00e4mpad f\u00f6r elektriska industrifordon. Denna e-fl\u00e4kt utg\u00f6r en betydande tillv\u00e4xtm\u00f6jlighet f\u00f6r Concentric n\u00e4r elfordonsmarknaden forts\u00e4tter att expandera. Den h\u00f6gre sp\u00e4nningen hos komponenten g\u00f6r att fl\u00e4ktbladet g\u00e5r snabbare, vilket m\u00f6jligg\u00f6r \u00f6kad prestanda och effektivitet hos fordon.<\/p>\n\n\n\n<p>Concentric lanserade sin kopplingsprodukt med dubbla koner som anv\u00e4nds f\u00f6r att koppla ur luftkompressorer. N\u00e4r den till\u00e4mpas p\u00e5 tunga lastbilar ger denna teknik upp till 2 % br\u00e4nslebesparingar, vilket m\u00f6jligg\u00f6r en minskning av tillh\u00f6rande v\u00e4xthusgasutsl\u00e4pp. Dessutom producerar kopplingen en l\u00e4gre ljudeffekt j\u00e4mf\u00f6rt med konkurrerande produkter p\u00e5 marknaden, vilket framh\u00e4ver Concentrics innovation p\u00e5 detta omr\u00e5de.<\/p>\n\n\n\n<p>Concentric utvecklade och introducerade en ny generation av l\u00e5gbrusiga interna kugghjulspumpar, som i j\u00e4mf\u00f6relse med f\u00f6reg\u00e5ende generation ger upp till ytterligare 30 % bullerreducering och hj\u00e4lper till med l\u00e4gre bullerf\u00f6roreningar. Det finns flera olika utvecklingar i pipelinen eftersom Concentric forts\u00e4tter att svara p\u00e5 sina kunders v\u00e4xande h\u00e5llbarhetsbehov samtidigt som det fokuserar p\u00e5 att minska sitt eget koldioxidavtryck.<\/p>\n\n\n\n<p><\/p>\n\n\n\n<div class=\"wp-block-buttons is-layout-flex wp-block-buttons-is-layout-flex\">\n<div class=\"wp-block-button\"><a class=\"wp-block-button__link wp-element-button\" href=\"https:\/\/www.concentricab.com\/the-latest-company-news\/\">L\u00e4s v\u00e5ra senaste fallstudier<\/a><\/div>\n<\/div>\n<\/div>\n\n\n\n<div class=\"wp-block-column is-layout-flow wp-block-column-is-layout-flow\" style=\"flex-basis:33.33%\">            <div class=\"side-menu-container\">\n            <h6>V\u00e5r filosofi<\/h6>\n            <ul>\n                                        <li>\n                            <a href=\"https:\/\/www.concentricab.com\/se\/sustainability\/\">\n                                V\u00e5r ambition                            <\/a>\n                    \n                    \n                                            <\/li>                           \n                        \n                                            <li>\n                            <a href=\"\/se\/sustainability\/#our-philosophy\">\n                                V\u00e5r filosofi                            <\/a>\n                    \n                    \n                    \n                    \n                    \n                                                    <ul class=\"sub-menu\">\n                        \n                            <li>\n                                <a href=\"https:\/\/www.concentricab.com\/se\/sustainability\/people\/\">Personalen<\/a>\n                            <\/li>\n\n                                            \n                    \n                    \n                    \n                        \n                            <li>\n                                <a href=\"https:\/\/www.concentricab.com\/se\/sustainability\/planet\/\">Planeten<\/a>\n                            <\/li>\n\n                                            \n                    \n                    \n                    \n                        \n                            <li>\n                                <a href=\"https:\/\/www.concentricab.com\/se\/sustainability\/innovative-products-partnerships\/\">Innovativa produkter och samarbeten<\/a>\n                            <\/li>\n\n                                            \n                    \n                    \n                    \n                        \n                            <li>\n                                <a href=\"https:\/\/www.concentricab.com\/se\/sustainability\/policies-and-governance\/\">Policyer och styrning<\/a>\n                            <\/li>\n\n                                                    <\/ul>\n                                                \n                                            <\/li>                           \n                        \n                                            <li>\n                            <a href=\"https:\/\/www.concentricab.com\/se\/sustainability-reports\/\">\n                                H\u00e5llbarhetsrapporter                            <\/a>\n                    \n                    \n                                            <\/li>                           \n                        \n                                            <li>\n                            <a href=\"https:\/\/www.concentricab.com\/se\/corporate-governance\/\">\n                                F\u00f6retagsstyrning                            <\/a>\n                    \n                    \n                    \n                                <\/ul>\n        <\/div>\n    <\/div>\n<\/div>\n<\/div>\n\n\n\n<div class=\"wp-block-group is-vertical is-layout-flex wp-container-core-group-is-layout-8cf370e7 wp-block-group-is-layout-flex\"><\/div>\n","protected":false},"excerpt":{"rendered":"<p>M\u00e5lmedvetet arbeta med att leverera ledande produkter som hj\u00e4lper v\u00e5ra kunder att \u00f6ka energieffektiviteten och minska sin milj\u00f6p\u00e5verkan. Under de senaste \u00e5ren har EMP fokuserat sina anstr\u00e4ngningar p\u00e5 att utveckla en rad h\u00f6gsp\u00e4nningskomponenter (HV) f\u00f6r att m\u00f6ta de tunga termiska ledningsbehoven f\u00f6r kommersiella fordon s\u00e5v\u00e4l som p\u00e5 och utanf\u00f6r motorv\u00e4gstill\u00e4mpningar. En av komponenterna inkluderar en [&hellip;]<\/p>\n","protected":false},"author":2,"featured_media":0,"parent":1320,"menu_order":0,"comment_status":"closed","ping_status":"closed","template":"","meta":{"_acf_changed":false,"_relevanssi_hide_post":"","_relevanssi_hide_content":"","_relevanssi_pin_for_all":"","_relevanssi_pin_keywords":"","_relevanssi_unpin_keywords":"","_relevanssi_related_keywords":"","_relevanssi_related_include_ids":"","_relevanssi_related_exclude_ids":"","_relevanssi_related_no_append":"","_relevanssi_related_not_related":"","_relevanssi_related_posts":"1749,1740,1752,1745,1742,1","_relevanssi_noindex_reason":"","_trash_the_other_posts":false,"editor_notices":[],"footnotes":""},"class_list":["post-2454","page","type-page","status-publish","hentry"],"acf":[],"_links":{"self":[{"href":"https:\/\/www.concentricab.com\/se\/wp-json\/wp\/v2\/pages\/2454","targetHints":{"allow":["GET"]}}],"collection":[{"href":"https:\/\/www.concentricab.com\/se\/wp-json\/wp\/v2\/pages"}],"about":[{"href":"https:\/\/www.concentricab.com\/se\/wp-json\/wp\/v2\/types\/page"}],"author":[{"embeddable":true,"href":"https:\/\/www.concentricab.com\/se\/wp-json\/wp\/v2\/users\/2"}],"replies":[{"embeddable":true,"href":"https:\/\/www.concentricab.com\/se\/wp-json\/wp\/v2\/comments?post=2454"}],"version-history":[{"count":10,"href":"https:\/\/www.concentricab.com\/se\/wp-json\/wp\/v2\/pages\/2454\/revisions"}],"predecessor-version":[{"id":4379,"href":"https:\/\/www.concentricab.com\/se\/wp-json\/wp\/v2\/pages\/2454\/revisions\/4379"}],"up":[{"embeddable":true,"href":"https:\/\/www.concentricab.com\/se\/wp-json\/wp\/v2\/pages\/1320"}],"wp:attachment":[{"href":"https:\/\/www.concentricab.com\/se\/wp-json\/wp\/v2\/media?parent=2454"}],"curies":[{"name":"wp","href":"https:\/\/api.w.org\/{rel}","templated":true}]}}