{"id":2451,"date":"2024-01-23T14:46:33","date_gmt":"2024-01-23T14:46:33","guid":{"rendered":"https:\/\/www.concentricab.com\/?page_id=2451"},"modified":"2024-07-24T14:33:58","modified_gmt":"2024-07-24T13:33:58","slug":"planet","status":"publish","type":"page","link":"https:\/\/www.concentricab.com\/se\/sustainability\/planet\/","title":{"rendered":"Planeten"},"content":{"rendered":"\n<div class=\"wp-block-group has-light-grey-background-color has-background is-vertical is-layout-flex wp-container-core-group-is-layout-8cf370e7 wp-block-group-is-layout-flex\">\n<div class=\"wp-block-columns is-layout-flex wp-container-core-columns-is-layout-9d6595d7 wp-block-columns-is-layout-flex\">\n<div class=\"wp-block-column is-layout-flow wp-block-column-is-layout-flow\" style=\"flex-basis:66.66%\">\n<h3 class=\"wp-block-heading\">Uppn\u00e5 h\u00e5llbar l\u00e5ngsiktig finansiell tillv\u00e4xt p\u00e5 ett etiskt s\u00e4tt som bidrar till \u00f6kad v\u00e4lf\u00e4rd f\u00f6r planeten.<\/h3>\n\n\n\n<h4 class=\"wp-block-heading\"><strong>Dubbel v\u00e4sentlighetsbed\u00f6mning<\/strong><\/h4>\n\n\n\n<p>2023 genomf\u00f6rde Concentric en dubbel v\u00e4sentlighetsbed\u00f6mning.\u00a0 Denna bed\u00f6mning involverade ett antal av v\u00e5ra intressenter och utg\u00f6r grunden f\u00f6r v\u00e5ra h\u00e5llbarhetsm\u00e5l och prioriterade \u00e5tg\u00e4rder.<\/p>\n<\/div>\n\n\n\n<div class=\"wp-block-column is-layout-flow wp-block-column-is-layout-flow\" style=\"flex-basis:33.33%\">            <div class=\"side-menu-container\">\n            <h6>V\u00e5r filosofi<\/h6>\n            <ul>\n                                        <li>\n                            <a href=\"https:\/\/www.concentricab.com\/se\/sustainability\/\">\n                                V\u00e5r ambition                            <\/a>\n                    \n                    \n                                            <\/li>                           \n                        \n                                            <li>\n                            <a href=\"\/se\/sustainability\/#our-philosophy\">\n                                V\u00e5r filosofi                            <\/a>\n                    \n                    \n                    \n                    \n                    \n                                                    <ul class=\"sub-menu\">\n                        \n                            <li>\n                                <a href=\"https:\/\/www.concentricab.com\/se\/sustainability\/people\/\">Personalen<\/a>\n                            <\/li>\n\n                                            \n                    \n                    \n                    \n                        \n                            <li>\n                                <a href=\"https:\/\/www.concentricab.com\/se\/sustainability\/planet\/\">Planeten<\/a>\n                            <\/li>\n\n                                            \n                    \n                    \n                    \n                        \n                            <li>\n                                <a href=\"https:\/\/www.concentricab.com\/se\/sustainability\/innovative-products-partnerships\/\">Innovativa produkter och samarbeten<\/a>\n                            <\/li>\n\n                                            \n                    \n                    \n                    \n                        \n                            <li>\n                                <a href=\"https:\/\/www.concentricab.com\/se\/sustainability\/policies-and-governance\/\">Policyer och styrning<\/a>\n                            <\/li>\n\n                                                    <\/ul>\n                                                \n                                            <\/li>                           \n                        \n                                            <li>\n                            <a href=\"https:\/\/www.concentricab.com\/se\/sustainability-reports\/\">\n                                H\u00e5llbarhetsrapporter                            <\/a>\n                    \n                    \n                                            <\/li>                           \n                        \n                                            <li>\n                            <a href=\"https:\/\/www.concentricab.com\/se\/corporate-governance\/\">\n                                F\u00f6retagsstyrning                            <\/a>\n                    \n                    \n                    \n                                <\/ul>\n        <\/div>\n    <\/div>\n<\/div>\n<\/div>\n","protected":false},"excerpt":{"rendered":"<p>Uppn\u00e5 h\u00e5llbar l\u00e5ngsiktig finansiell tillv\u00e4xt p\u00e5 ett etiskt s\u00e4tt som bidrar till \u00f6kad v\u00e4lf\u00e4rd f\u00f6r planeten. Dubbel v\u00e4sentlighetsbed\u00f6mning 2023 genomf\u00f6rde Concentric en dubbel v\u00e4sentlighetsbed\u00f6mning.\u00a0 Denna bed\u00f6mning involverade ett antal av v\u00e5ra intressenter och utg\u00f6r grunden f\u00f6r v\u00e5ra h\u00e5llbarhetsm\u00e5l och prioriterade \u00e5tg\u00e4rder.<\/p>\n","protected":false},"author":2,"featured_media":0,"parent":1320,"menu_order":0,"comment_status":"closed","ping_status":"closed","template":"","meta":{"_acf_changed":false,"_relevanssi_hide_post":"","_relevanssi_hide_content":"","_relevanssi_pin_for_all":"","_relevanssi_pin_keywords":"","_relevanssi_unpin_keywords":"","_relevanssi_related_keywords":"","_relevanssi_related_include_ids":"","_relevanssi_related_exclude_ids":"","_relevanssi_related_no_append":"","_relevanssi_related_not_related":"","_relevanssi_related_posts":"1752,1742,1740,1,1745,1749","_relevanssi_noindex_reason":"","_trash_the_other_posts":false,"editor_notices":[],"footnotes":""},"class_list":["post-2451","page","type-page","status-publish","hentry"],"acf":[],"_links":{"self":[{"href":"https:\/\/www.concentricab.com\/se\/wp-json\/wp\/v2\/pages\/2451","targetHints":{"allow":["GET"]}}],"collection":[{"href":"https:\/\/www.concentricab.com\/se\/wp-json\/wp\/v2\/pages"}],"about":[{"href":"https:\/\/www.concentricab.com\/se\/wp-json\/wp\/v2\/types\/page"}],"author":[{"embeddable":true,"href":"https:\/\/www.concentricab.com\/se\/wp-json\/wp\/v2\/users\/2"}],"replies":[{"embeddable":true,"href":"https:\/\/www.concentricab.com\/se\/wp-json\/wp\/v2\/comments?post=2451"}],"version-history":[{"count":10,"href":"https:\/\/www.concentricab.com\/se\/wp-json\/wp\/v2\/pages\/2451\/revisions"}],"predecessor-version":[{"id":4374,"href":"https:\/\/www.concentricab.com\/se\/wp-json\/wp\/v2\/pages\/2451\/revisions\/4374"}],"up":[{"embeddable":true,"href":"https:\/\/www.concentricab.com\/se\/wp-json\/wp\/v2\/pages\/1320"}],"wp:attachment":[{"href":"https:\/\/www.concentricab.com\/se\/wp-json\/wp\/v2\/media?parent=2451"}],"curies":[{"name":"wp","href":"https:\/\/api.w.org\/{rel}","templated":true}]}}