{"id":2446,"date":"2024-01-23T14:41:39","date_gmt":"2024-01-23T14:41:39","guid":{"rendered":"https:\/\/www.concentricab.com\/?page_id=2446"},"modified":"2024-07-24T14:26:18","modified_gmt":"2024-07-24T13:26:18","slug":"people","status":"publish","type":"page","link":"https:\/\/www.concentricab.com\/se\/sustainability\/people\/","title":{"rendered":"Personalen"},"content":{"rendered":"\n<div class=\"wp-block-group has-light-grey-background-color has-background is-vertical is-layout-flex wp-container-core-group-is-layout-8cf370e7 wp-block-group-is-layout-flex\">\n<div class=\"wp-block-columns is-layout-flex wp-container-core-columns-is-layout-9d6595d7 wp-block-columns-is-layout-flex\">\n<div class=\"wp-block-column is-layout-flow wp-block-column-is-layout-flow\" style=\"flex-basis:66.66%\">\n<h3 class=\"wp-block-heading\">Lyfta v\u00e5ra medarbetare s\u00e5 att de kan leverera den b\u00e4sta servicen till v\u00e5ra kunder och g\u00f6ra skillnad f\u00f6r v\u00e4rlden i stort.<\/h3>\n\n\n\n<h4 class=\"wp-block-heading\"><strong>V\u00e5r vision, v\u00e5ra m\u00e5l och k\u00e4rnv\u00e4rden<\/strong><\/h4>\n\n\n\n<figure class=\"wp-block-image size-large\"><img loading=\"lazy\" decoding=\"async\" width=\"1024\" height=\"477\" src=\"https:\/\/www.concentricab.com\/content\/uploads\/sites\/3\/2024\/07\/Vision-Mission-Values-Swedish-1024x477.png\" alt=\"\" class=\"wp-image-4356\" srcset=\"https:\/\/www.concentricab.com\/content\/uploads\/sites\/3\/2024\/07\/Vision-Mission-Values-Swedish-1024x477.png 1024w, https:\/\/www.concentricab.com\/content\/uploads\/sites\/3\/2024\/07\/Vision-Mission-Values-Swedish-300x140.png 300w, https:\/\/www.concentricab.com\/content\/uploads\/sites\/3\/2024\/07\/Vision-Mission-Values-Swedish-768x358.png 768w, https:\/\/www.concentricab.com\/content\/uploads\/sites\/3\/2024\/07\/Vision-Mission-Values-Swedish-1536x715.png 1536w, https:\/\/www.concentricab.com\/content\/uploads\/sites\/3\/2024\/07\/Vision-Mission-Values-Swedish-2048x953.png 2048w\" sizes=\"auto, (max-width: 1024px) 100vw, 1024px\" \/><\/figure>\n<\/div>\n\n\n\n<div class=\"wp-block-column is-layout-flow wp-block-column-is-layout-flow\" style=\"flex-basis:33.33%\">            <div class=\"side-menu-container\">\n            <h6>Our Philosophy<\/h6>\n            <ul>\n                                        <li>\n                            <a href=\"https:\/\/www.concentricab.com\/se\/sustainability\/\">\n                                V\u00e5r ambition                            <\/a>\n                    \n                    \n                                            <\/li>                           \n                        \n                                            <li>\n                            <a href=\"\/se\/sustainability\/#our-philosophy\">\n                                V\u00e5r filosofi                            <\/a>\n                    \n                    \n                    \n                    \n                    \n                                                    <ul class=\"sub-menu\">\n                        \n                            <li>\n                                <a href=\"https:\/\/www.concentricab.com\/se\/sustainability\/people\/\">Personalen<\/a>\n                            <\/li>\n\n                                            \n                    \n                    \n                    \n                        \n                            <li>\n                                <a href=\"https:\/\/www.concentricab.com\/se\/sustainability\/planet\/\">Planeten<\/a>\n                            <\/li>\n\n                                            \n                    \n                    \n                    \n                        \n                            <li>\n                                <a href=\"https:\/\/www.concentricab.com\/se\/sustainability\/innovative-products-partnerships\/\">Innovativa produkter och samarbeten<\/a>\n                            <\/li>\n\n                                            \n                    \n                    \n                    \n                        \n                            <li>\n                                <a href=\"https:\/\/www.concentricab.com\/se\/sustainability\/policies-and-governance\/\">Policyer och styrning<\/a>\n                            <\/li>\n\n                                                    <\/ul>\n                                                \n                                            <\/li>                           \n                        \n                                            <li>\n                            <a href=\"https:\/\/www.concentricab.com\/se\/sustainability-reports\/\">\n                                H\u00e5llbarhetsrapporter                            <\/a>\n                    \n                    \n                                            <\/li>                           \n                        \n                                            <li>\n                            <a href=\"https:\/\/www.concentricab.com\/se\/corporate-governance\/\">\n                                F\u00f6retagsstyrning                            <\/a>\n                    \n                    \n                    \n                                <\/ul>\n        <\/div>\n    <\/div>\n<\/div>\n<\/div>\n\n\n\n<div class=\"wp-block-group is-vertical is-layout-flex wp-container-core-group-is-layout-8cf370e7 wp-block-group-is-layout-flex\">\n<h3 class=\"wp-block-heading\"><strong>\u00c5rsredovisning \/ H\u00e5llbarhetsredovisning<\/strong><\/h3>\n\n\n\n<p><strong>H\u00e5llbarhetskommitt\u00e9 \u2013 En f\u00f6retags\u00f6vergripande struktur f\u00f6r att operationalisera h\u00e5llbarhet<\/strong><\/p>\n\n\n\n<p><\/p>\n\n\n\n<p>Concentric har nu operationaliserat sin h\u00e5llbarhetskommitt\u00e9, som leds av vicepresidenten f\u00f6r Human Resources &amp; Sustainability. Denna kommitt\u00e9 fungerar som ett forum f\u00f6r att generera id\u00e9er och diskutera initiativ p\u00e5 platsniv\u00e5 om hur vi kan f\u00f6rb\u00e4ttra v\u00e5ra h\u00e5llbarhetsprocesser och kultur i hela verksamheten.<\/p>\n\n\n\n<p><\/p>\n\n\n\n<div class=\"wp-block-buttons is-layout-flex wp-block-buttons-is-layout-flex\">\n<div class=\"wp-block-button\"><a class=\"wp-block-button__link wp-element-button\" href=\"https:\/\/www.concentricab.com\/sustainability-reports\/\">L\u00e4s v\u00e5ra h\u00e5llbarhetsrapporter h\u00e4r<\/a><\/div>\n<\/div>\n<\/div>\n\n\n\n<div class=\"wp-block-group is-vertical is-layout-flex wp-container-core-group-is-layout-8cf370e7 wp-block-group-is-layout-flex\">\n<figure class=\"wp-block-image size-full\"><img loading=\"lazy\" decoding=\"async\" width=\"2560\" height=\"1418\" src=\"https:\/\/www.concentricab.com\/content\/uploads\/2024\/01\/CAB-Board.png\" alt=\"\" class=\"wp-image-2549\" srcset=\"https:\/\/www.concentricab.com\/content\/uploads\/sites\/3\/2024\/01\/CAB-Board.png 2560w, https:\/\/www.concentricab.com\/content\/uploads\/sites\/3\/2024\/01\/CAB-Board-300x166.png 300w, https:\/\/www.concentricab.com\/content\/uploads\/sites\/3\/2024\/01\/CAB-Board-1024x567.png 1024w, https:\/\/www.concentricab.com\/content\/uploads\/sites\/3\/2024\/01\/CAB-Board-768x425.png 768w, https:\/\/www.concentricab.com\/content\/uploads\/sites\/3\/2024\/01\/CAB-Board-1536x851.png 1536w, https:\/\/www.concentricab.com\/content\/uploads\/sites\/3\/2024\/01\/CAB-Board-2048x1134.png 2048w\" sizes=\"auto, (max-width: 2560px) 100vw, 2560px\" \/><\/figure>\n\n\n    <div class=\"testimonial-block\">\n        <div class=\"testimonial-panel-wrapper\">\n            <div class=\"image\">\n                <img decoding=\"async\" src=\"https:\/\/www.concentricab.com\/content\/uploads\/sites\/3\/2023\/12\/CC-CC_Jennifer_2023_FL-scaled-e1706869530887.jpg\" \/>            <\/div>\n            <div class=\"testimonial\">\n                <div class=\"cite\">ETT CITAT FR\u00c5N JENNIFER TODD-WILSON, VICE PRESIDENT HUMAN RESOURCES OCH H\u00c5LLBARHET<\/div>                <blockquote>\u201cP\u00e5 Concentric har vi ett globalt perspektiv med lokal n\u00e4rvaro. I samarbete med v\u00e5ra intressenter m\u00f6jligg\u00f6r detta kortare ledtider, lokala anpassningar, stordriftsf\u00f6rdelar, snabbare innovation och minskad p\u00e5verkan p\u00e5 planeten.\u201d<\/blockquote>            <\/div>\n        <\/div>\n    <\/div>\n<\/div>\n","protected":false},"excerpt":{"rendered":"<p>Lyfta v\u00e5ra medarbetare s\u00e5 att de kan leverera den b\u00e4sta servicen till v\u00e5ra kunder och g\u00f6ra skillnad f\u00f6r v\u00e4rlden i stort. V\u00e5r vision, v\u00e5ra m\u00e5l och k\u00e4rnv\u00e4rden \u00c5rsredovisning \/ H\u00e5llbarhetsredovisning H\u00e5llbarhetskommitt\u00e9 \u2013 En f\u00f6retags\u00f6vergripande struktur f\u00f6r att operationalisera h\u00e5llbarhet Concentric har nu operationaliserat sin h\u00e5llbarhetskommitt\u00e9, som leds av vicepresidenten f\u00f6r Human Resources &amp; Sustainability. Denna [&hellip;]<\/p>\n","protected":false},"author":2,"featured_media":0,"parent":1320,"menu_order":0,"comment_status":"closed","ping_status":"closed","template":"","meta":{"_acf_changed":false,"_relevanssi_hide_post":"","_relevanssi_hide_content":"","_relevanssi_pin_for_all":"","_relevanssi_pin_keywords":"","_relevanssi_unpin_keywords":"","_relevanssi_related_keywords":"","_relevanssi_related_include_ids":"","_relevanssi_related_exclude_ids":"","_relevanssi_related_no_append":"","_relevanssi_related_not_related":"","_relevanssi_related_posts":"1740,1749,1742,1745,1,1752","_relevanssi_noindex_reason":"","_trash_the_other_posts":false,"editor_notices":[],"footnotes":""},"class_list":["post-2446","page","type-page","status-publish","hentry"],"acf":[],"_links":{"self":[{"href":"https:\/\/www.concentricab.com\/se\/wp-json\/wp\/v2\/pages\/2446","targetHints":{"allow":["GET"]}}],"collection":[{"href":"https:\/\/www.concentricab.com\/se\/wp-json\/wp\/v2\/pages"}],"about":[{"href":"https:\/\/www.concentricab.com\/se\/wp-json\/wp\/v2\/types\/page"}],"author":[{"embeddable":true,"href":"https:\/\/www.concentricab.com\/se\/wp-json\/wp\/v2\/users\/2"}],"replies":[{"embeddable":true,"href":"https:\/\/www.concentricab.com\/se\/wp-json\/wp\/v2\/comments?post=2446"}],"version-history":[{"count":10,"href":"https:\/\/www.concentricab.com\/se\/wp-json\/wp\/v2\/pages\/2446\/revisions"}],"predecessor-version":[{"id":4369,"href":"https:\/\/www.concentricab.com\/se\/wp-json\/wp\/v2\/pages\/2446\/revisions\/4369"}],"up":[{"embeddable":true,"href":"https:\/\/www.concentricab.com\/se\/wp-json\/wp\/v2\/pages\/1320"}],"wp:attachment":[{"href":"https:\/\/www.concentricab.com\/se\/wp-json\/wp\/v2\/media?parent=2446"}],"curies":[{"name":"wp","href":"https:\/\/api.w.org\/{rel}","templated":true}]}}