{"id":2129,"date":"2024-01-09T10:55:08","date_gmt":"2024-01-09T10:55:08","guid":{"rendered":"https:\/\/www.concentricab.com\/?page_id=2129"},"modified":"2024-07-24T14:58:35","modified_gmt":"2024-07-24T13:58:35","slug":"sustainability-reports","status":"publish","type":"page","link":"https:\/\/www.concentricab.com\/se\/sustainability-reports\/","title":{"rendered":"H\u00e5llbarhetsrapporter"},"content":{"rendered":"\n<div class=\"wp-block-group has-light-grey-background-color has-background is-vertical is-layout-flex wp-container-core-group-is-layout-8cf370e7 wp-block-group-is-layout-flex\">\n<div class=\"wp-block-columns is-layout-flex wp-container-core-columns-is-layout-9d6595d7 wp-block-columns-is-layout-flex\">\n<div class=\"wp-block-column is-layout-flow wp-block-column-is-layout-flow\" style=\"flex-basis:66.66%\">\n<h3 class=\"wp-block-heading\"><\/h3>\n\n\n\n<p>Concentric \u00e4r en av v\u00e4rldens ledande pumptillverkare. Vi str\u00e4var efter att \u00f6ka br\u00e4nsleekonomin, minska utsl\u00e4ppen och f\u00f6rb\u00e4ttra kontrollen. V\u00e5r passion f\u00f6r aff\u00e4rsexpertis och innovation s\u00e4kerst\u00e4ller att vi tillhandah\u00e5ller h\u00e5llbarhet f\u00f6r alla intressenter.<\/p>\n\n\n\n<p>Vi str\u00e4var efter att m\u00e4ta, rapportera och ta ansvar f\u00f6r vad vi \u00e5stadkommit i v\u00e5rt h\u00e5llbarhetsarbete avseende b\u00e5de v\u00e5ra interna och externa intressenter.<\/p>\n\n\n\n<p><\/p>\n\n\n\n<p class=\"has-medium-font-size\"><strong>\u00c5rliga rapporter<\/strong><\/p>\n\n\n\n<div class=\"wp-block-buttons is-layout-flex wp-block-buttons-is-layout-flex\">\n<div class=\"wp-block-button\"><a class=\"wp-block-button__link wp-element-button\" href=\"https:\/\/www.concentricab.com\/content\/uploads\/2024\/02\/Concentric_AR2021_ENG.pdf\">2021<\/a><\/div>\n\n\n\n<div class=\"wp-block-button\"><a class=\"wp-block-button__link wp-element-button\" href=\"https:\/\/www.concentricab.com\/content\/uploads\/2024\/02\/Concentric_AR2022_ENG.pdf\">2022<\/a><\/div>\n\n\n\n<div class=\"wp-block-button\"><a class=\"wp-block-button__link wp-element-button\">2023<\/a><\/div>\n<\/div>\n\n\n\n<p class=\"has-medium-font-size\"><strong>\u00c5rsredovisning <\/strong><\/p>\n\n\n\n<div class=\"wp-block-buttons is-layout-flex wp-block-buttons-is-layout-flex\">\n<div class=\"wp-block-button\"><a class=\"wp-block-button__link wp-element-button\" href=\"https:\/\/www.concentricab.com\/content\/uploads\/2024\/02\/Concentric_AR2021_SWE.pdf\">2021<\/a><\/div>\n\n\n\n<div class=\"wp-block-button\"><a class=\"wp-block-button__link wp-element-button\" href=\"https:\/\/www.concentricab.com\/content\/uploads\/2024\/02\/Concentric-Annual-Report-2022-Swedish.pdf\">2022<\/a><\/div>\n\n\n\n<div class=\"wp-block-button\"><a class=\"wp-block-button__link wp-element-button\">2023<\/a><\/div>\n<\/div>\n\n\n\n<p class=\"has-medium-font-size\"><strong>H\u00e5llbarhetsrapporter<\/strong><\/p>\n\n\n\n<div class=\"wp-block-buttons is-layout-flex wp-block-buttons-is-layout-flex\">\n<div class=\"wp-block-button\"><a class=\"wp-block-button__link wp-element-button\" href=\"https:\/\/www.concentricab.com\/content\/uploads\/2024\/01\/Concentric_Sustainability_Report_2021.pdf\">2021<\/a><\/div>\n<\/div>\n\n\n\n<p class=\"has-medium-font-size\"><strong>GRI <strong>rapporter<\/strong><\/strong><\/p>\n\n\n\n<div class=\"wp-block-buttons is-layout-flex wp-block-buttons-is-layout-flex\">\n<div class=\"wp-block-button\"><a class=\"wp-block-button__link wp-element-button\" href=\"https:\/\/www.concentricab.com\/content\/uploads\/2024\/01\/Concentric_GRI_Index_2021.pdf\">2021<\/a><\/div>\n<\/div>\n<\/div>\n\n\n\n<div class=\"wp-block-column is-layout-flow wp-block-column-is-layout-flow\" style=\"flex-basis:33.33%\">    <\/div>\n<\/div>\n<\/div>\n\n\n\n<div class=\"wp-block-group is-vertical is-layout-flex wp-container-core-group-is-layout-8cf370e7 wp-block-group-is-layout-flex\">\n<div class=\"wp-block-group has-very-dark-grey-background-color has-background is-vertical is-content-justification-left is-layout-flex wp-container-core-group-is-layout-c0ca7d81 wp-block-group-is-layout-flex\">\n<h4 class=\"wp-block-heading\">H\u00e5llbarhetsarbetet \u00e4r en integrerad del av Concentrics verksamhet och \u00e4r n\u00e5got vi tar h\u00e4nsyn till n\u00e4r vi samarbetar med alla v\u00e5ra intressenter.<\/h4>\n\n\n        <\/div>\n<\/div>\n","protected":false},"excerpt":{"rendered":"<p>Concentric \u00e4r en av v\u00e4rldens ledande pumptillverkare. Vi str\u00e4var efter att \u00f6ka br\u00e4nsleekonomin, minska utsl\u00e4ppen och f\u00f6rb\u00e4ttra kontrollen. V\u00e5r passion f\u00f6r aff\u00e4rsexpertis och innovation s\u00e4kerst\u00e4ller att vi tillhandah\u00e5ller h\u00e5llbarhet f\u00f6r alla intressenter. Vi str\u00e4var efter att m\u00e4ta, rapportera och ta ansvar f\u00f6r vad vi \u00e5stadkommit i v\u00e5rt h\u00e5llbarhetsarbete avseende b\u00e5de v\u00e5ra interna och externa intressenter. [&hellip;]<\/p>\n","protected":false},"author":2,"featured_media":0,"parent":0,"menu_order":0,"comment_status":"closed","ping_status":"closed","template":"","meta":{"_acf_changed":false,"_relevanssi_hide_post":"","_relevanssi_hide_content":"","_relevanssi_pin_for_all":"","_relevanssi_pin_keywords":"","_relevanssi_unpin_keywords":"","_relevanssi_related_keywords":"","_relevanssi_related_include_ids":"","_relevanssi_related_exclude_ids":"","_relevanssi_related_no_append":"","_relevanssi_related_not_related":"","_relevanssi_related_posts":"1740,1742,1745,1749,1752,1","_relevanssi_noindex_reason":"","_trash_the_other_posts":false,"editor_notices":[],"footnotes":""},"class_list":["post-2129","page","type-page","status-publish","hentry"],"acf":[],"_links":{"self":[{"href":"https:\/\/www.concentricab.com\/se\/wp-json\/wp\/v2\/pages\/2129","targetHints":{"allow":["GET"]}}],"collection":[{"href":"https:\/\/www.concentricab.com\/se\/wp-json\/wp\/v2\/pages"}],"about":[{"href":"https:\/\/www.concentricab.com\/se\/wp-json\/wp\/v2\/types\/page"}],"author":[{"embeddable":true,"href":"https:\/\/www.concentricab.com\/se\/wp-json\/wp\/v2\/users\/2"}],"replies":[{"embeddable":true,"href":"https:\/\/www.concentricab.com\/se\/wp-json\/wp\/v2\/comments?post=2129"}],"version-history":[{"count":10,"href":"https:\/\/www.concentricab.com\/se\/wp-json\/wp\/v2\/pages\/2129\/revisions"}],"predecessor-version":[{"id":4387,"href":"https:\/\/www.concentricab.com\/se\/wp-json\/wp\/v2\/pages\/2129\/revisions\/4387"}],"wp:attachment":[{"href":"https:\/\/www.concentricab.com\/se\/wp-json\/wp\/v2\/media?parent=2129"}],"curies":[{"name":"wp","href":"https:\/\/api.w.org\/{rel}","templated":true}]}}