{"id":1901,"date":"2023-12-12T16:22:43","date_gmt":"2023-12-12T16:22:43","guid":{"rendered":"https:\/\/www.concentricab.com\/?page_id=1901"},"modified":"2024-07-22T11:47:11","modified_gmt":"2024-07-22T10:47:11","slug":"agm-guidelines","status":"publish","type":"page","link":"https:\/\/www.concentricab.com\/se\/agm-guidelines\/","title":{"rendered":"\u00c5rsst\u00e4mma"},"content":{"rendered":"\n<div class=\"wp-block-columns is-layout-flex wp-container-core-columns-is-layout-9d6595d7 wp-block-columns-is-layout-flex\">\n<div class=\"wp-block-column is-layout-flow wp-block-column-is-layout-flow\" style=\"flex-basis:33.33%\">            <div class=\"side-menu-container\">\n            <h6>Tidigare \u00e5rsst\u00e4mmor<\/h6>\n            <ul>\n                                        <li>\n                            <a href=\"https:\/\/www.concentricab.com\/se\/agm-guidelines\/\">\n                                \u00c5rsst\u00e4mma                            <\/a>\n                    \n                    \n                                            <\/li>                           \n                        \n                                            <li>\n                            <a href=\"https:\/\/www.concentricab.com\/se\/agm-2023\/\">\n                                AGM 2023                            <\/a>\n                    \n                    \n                                            <\/li>                           \n                        \n                                            <li>\n                            <a href=\"https:\/\/www.concentricab.com\/se\/agm-2022\/\">\n                                AGM 2022                            <\/a>\n                    \n                    \n                                            <\/li>                           \n                        \n                                            <li>\n                            <a href=\"https:\/\/www.concentricab.com\/se\/agm-2021\/\">\n                                AGM 2021                            <\/a>\n                    \n                    \n                                            <\/li>                           \n                        \n                                            <li>\n                            <a href=\"https:\/\/www.concentricab.com\/se\/agm-2020\/\">\n                                AGM 2020                            <\/a>\n                    \n                    \n                                            <\/li>                           \n                        \n                                            <li>\n                            <a href=\"https:\/\/www.concentricab.com\/se\/agm-2019\/\">\n                                AGM 2019                            <\/a>\n                    \n                    \n                                            <\/li>                           \n                        \n                                            <li>\n                            <a href=\"https:\/\/www.concentricab.com\/se\/agm-2018\/\">\n                                AGM 2018                            <\/a>\n                    \n                    \n                                            <\/li>                           \n                        \n                                            <li>\n                            <a href=\"https:\/\/www.concentricab.com\/se\/agm-2017\/\">\n                                AGM 2017                            <\/a>\n                    \n                    \n                                            <\/li>                           \n                        \n                                            <li>\n                            <a href=\"https:\/\/www.concentricab.com\/se\/agm-2016\/\">\n                                AGM 2016                            <\/a>\n                    \n                    \n                                            <\/li>                           \n                        \n                                            <li>\n                            <a href=\"https:\/\/www.concentricab.com\/se\/agm-2015\/\">\n                                AGM 2015                            <\/a>\n                    \n                    \n                                            <\/li>                           \n                        \n                                            <li>\n                            <a href=\"https:\/\/www.concentricab.com\/se\/agm-2014\/\">\n                                AGM 2014                            <\/a>\n                    \n                    \n                                            <\/li>                           \n                        \n                                            <li>\n                            <a href=\"https:\/\/www.concentricab.com\/se\/agm-2013\/\">\n                                AGM 2013                            <\/a>\n                    \n                    \n                                            <\/li>                           \n                        \n                                            <li>\n                            <a href=\"https:\/\/www.concentricab.com\/se\/agm-2012\/\">\n                                AGM 2012                            <\/a>\n                    \n                    \n                                            <\/li>                           \n                        \n                                            <li>\n                            <a href=\"https:\/\/www.concentricab.com\/se\/agm-2011\/\">\n                                AGM 2011                            <\/a>\n                    \n                    \n                    \n                                <\/ul>\n        <\/div>\n    <\/div>\n\n\n\n<div class=\"wp-block-column is-layout-flow wp-block-column-is-layout-flow\" style=\"flex-basis:66.66%\">\n<div class=\"wp-block-group is-vertical is-layout-flex wp-container-core-group-is-layout-8cf370e7 wp-block-group-is-layout-flex\">\n<p>Concentrics \u00e5rsst\u00e4mma 2024 h\u00f6lls i Stockholm den 18 april 2024.<\/p>\n\n\n\n<p>Aktie\u00e4gare som vill att ett \u00e4rende ska tas upp vid n\u00e4sta \u00e5rsst\u00e4mma ska skicka in en skriftlig framst\u00e4llan om detta till styrelsen senast den 28 februari 2025, inf\u00f6r n\u00e4sta \u00e5rsst\u00e4mma.<\/p>\n\n\n\n<p>Framst\u00e4llan ska adresseras till styrelsen och skickas till Marcus Whitehouse p\u00e5 f\u00f6ljande adress: marcus.whitehouse@concentricab.com.<\/p>\n<\/div>\n<\/div>\n<\/div>\n","protected":false},"excerpt":{"rendered":"<p>Concentrics \u00e5rsst\u00e4mma 2024 h\u00f6lls i Stockholm den 18 april 2024. Aktie\u00e4gare som vill att ett \u00e4rende ska tas upp vid n\u00e4sta \u00e5rsst\u00e4mma ska skicka in en skriftlig framst\u00e4llan om detta till styrelsen senast den 28 februari 2025, inf\u00f6r n\u00e4sta \u00e5rsst\u00e4mma. Framst\u00e4llan ska adresseras till styrelsen och skickas till Marcus Whitehouse p\u00e5 f\u00f6ljande adress: marcus.whitehouse@concentricab.com.<\/p>\n","protected":false},"author":16,"featured_media":0,"parent":0,"menu_order":0,"comment_status":"closed","ping_status":"closed","template":"","meta":{"_acf_changed":false,"_relevanssi_hide_post":"","_relevanssi_hide_content":"","_relevanssi_pin_for_all":"","_relevanssi_pin_keywords":"","_relevanssi_unpin_keywords":"","_relevanssi_related_keywords":"","_relevanssi_related_include_ids":"","_relevanssi_related_exclude_ids":"","_relevanssi_related_no_append":"","_relevanssi_related_not_related":"","_relevanssi_related_posts":"1749,1,1745,1740,1752,1742","_relevanssi_noindex_reason":"","_trash_the_other_posts":false,"editor_notices":[],"footnotes":""},"class_list":["post-1901","page","type-page","status-publish","hentry"],"acf":[],"_links":{"self":[{"href":"https:\/\/www.concentricab.com\/se\/wp-json\/wp\/v2\/pages\/1901","targetHints":{"allow":["GET"]}}],"collection":[{"href":"https:\/\/www.concentricab.com\/se\/wp-json\/wp\/v2\/pages"}],"about":[{"href":"https:\/\/www.concentricab.com\/se\/wp-json\/wp\/v2\/types\/page"}],"author":[{"embeddable":true,"href":"https:\/\/www.concentricab.com\/se\/wp-json\/wp\/v2\/users\/16"}],"replies":[{"embeddable":true,"href":"https:\/\/www.concentricab.com\/se\/wp-json\/wp\/v2\/comments?post=1901"}],"version-history":[{"count":4,"href":"https:\/\/www.concentricab.com\/se\/wp-json\/wp\/v2\/pages\/1901\/revisions"}],"predecessor-version":[{"id":4260,"href":"https:\/\/www.concentricab.com\/se\/wp-json\/wp\/v2\/pages\/1901\/revisions\/4260"}],"wp:attachment":[{"href":"https:\/\/www.concentricab.com\/se\/wp-json\/wp\/v2\/media?parent=1901"}],"curies":[{"name":"wp","href":"https:\/\/api.w.org\/{rel}","templated":true}]}}