{"id":1360,"date":"2023-11-14T13:14:14","date_gmt":"2023-11-14T13:14:14","guid":{"rendered":"https:\/\/www.concentricab.com\/?page_id=1360"},"modified":"2024-07-25T10:56:58","modified_gmt":"2024-07-25T09:56:58","slug":"articles-of-association","status":"publish","type":"page","link":"https:\/\/www.concentricab.com\/se\/articles-of-association\/","title":{"rendered":"Bolagsordning f\u00f6r Concentric AB"},"content":{"rendered":"\n<div class=\"wp-block-group is-vertical is-layout-flex wp-container-core-group-is-layout-8cf370e7 wp-block-group-is-layout-flex\">\n<h2 class=\"wp-block-heading\">Bolagsordning f\u00f6r Concentric AB<\/h2>\n\n\n\n<p>Org.nr 556828-4995<\/p>\n\n\n\n<p>1.\u00a0\u00a0\u00a0\u00a0\u00a0<strong><em>F\u00f6retagsnamn<\/em><\/strong><br>Bolagets f\u00f6retagsnamn \u00e4r Concentric AB. Bolaget \u00e4r publikt (publ).<\/p>\n\n\n\n<p><br>2.\u00a0\u00a0\u00a0\u00a0\u00a0<strong><em>S\u00e4te<\/em><\/strong><br>Styrelsen ska ha sitt s\u00e4te i Stockholms kommun, Stockholms l\u00e4n.<\/p>\n\n\n\n<p><br>3.\u00a0\u00a0\u00a0\u00a0\u00a0<strong><em>Verksamhet<\/em><\/strong><br>Bolaget ska direkt eller genom innehav av aktier eller andelar i andra f\u00f6retag bedriva<br>utveckling, tillverkning och f\u00f6rs\u00e4ljning av produkter f\u00f6retr\u00e4desvis till fordons- och<br>transportindustrin och idka annan d\u00e4rmed f\u00f6renlig verksamhet \u00e4vensom att \u00e4ga och<br>f\u00f6rvalta v\u00e4rdepapper och annan l\u00f6s eller fast egendom.<\/p>\n\n\n\n<p><br>4.\u00a0\u00a0\u00a0\u00a0\u00a0<strong><em>Aktiekapital<\/em><\/strong><br>Aktiekapitalet ska vara l\u00e4gst 71\u00a0400\u00a0000 kronor och h\u00f6gst 285\u00a0600\u00a0000 kronor.<\/p>\n\n\n\n<p><br>5.\u00a0\u00a0\u00a0\u00a0\u00a0<strong><em>Antal aktier<\/em><\/strong><br>Antalet aktier ska vara l\u00e4gst 30\u00a0000\u00a0000 stycken och h\u00f6gst 120\u00a0000\u00a0000 stycken.<br><br>6.\u00a0\u00a0\u00a0\u00a0\u00a0<strong><em>Styrelse<\/em><\/strong><br>Styrelsen ska best\u00e5 av l\u00e4gst 3 och h\u00f6gst 10 styrelseledam\u00f6ter utan styrelsesuppleanter.<br>Styrelseledam\u00f6terna v\u00e4ljs \u00e5rligen p\u00e5 \u00e5rsst\u00e4mma f\u00f6r tiden intill slutet av n\u00e4sta\u00a0\u00e5rsst\u00e4mma.<br><br>7.\u00a0\u00a0\u00a0\u00a0\u00a0<strong><em>Revisor<\/em><\/strong><br>F\u00f6r granskning av aktiebolagets \u00e5rsredovisning j\u00e4mte r\u00e4kenskaperna samt styrelsens<br>och verkst\u00e4llande direkt\u00f6rens f\u00f6rvaltning utses ett registrerat revisionsbolag som<br>revisor.<br><br>8.\u00a0\u00a0\u00a0\u00a0\u00a0<strong><em>Kallelse<\/em><\/strong><br>Kallelse till bolagsst\u00e4mma ska ske genom annonsering i Post- och Inrikes Tidningar och<br>p\u00e5 bolagets webbplats. Att kallelse skett ska annonseras i Dagens Nyheter.<br><br>9.\u00a0\u00a0\u00a0\u00a0\u00a0<strong><em>R\u00e4tt att delta i bolagsst\u00e4mma<\/em><\/strong><br>Aktie\u00e4gare som vill delta i bolagsst\u00e4mma ska g\u00f6ra anm\u00e4lan till bolaget senast den dag som anges i kallelsen till st\u00e4mman. Denna dag f\u00e5r inte vara s\u00f6ndag, annan allm\u00e4n helgdag, l\u00f6rdag, midsommarafton, julafton eller ny\u00e5rsafton och inte infalla tidigare \u00e4n femte vardagen f\u00f6re bolagsst\u00e4mman.<br><br>10.\u00a0\u00a0\u00a0\u00a0\u00a0<strong><em>\u00c4renden p\u00e5 \u00e5rsst\u00e4mman<\/em><\/strong><br>P\u00e5 \u00e5rsst\u00e4mman ska f\u00f6ljande \u00e4renden behandlas:<\/p>\n\n\n\n<ol start=\"1\" class=\"wp-block-list\">\n<li>Val av ordf\u00f6rande vid st\u00e4mman.<\/li>\n\n\n\n<li>Uppr\u00e4ttande och godk\u00e4nnande av r\u00f6stl\u00e4ngd.<\/li>\n\n\n\n<li>Godk\u00e4nnande av dagordning.<\/li>\n\n\n\n<li>Val av en eller tv\u00e5 justeringsm\u00e4n.<\/li>\n\n\n\n<li>Pr\u00f6vande av om st\u00e4mman blivit beh\u00f6rigen sammankallad.<\/li>\n\n\n\n<li>Framl\u00e4ggande av \u00e5rsredovisningen och revisionsber\u00e4ttelsen samt\u00a0<br>koncernredovisning och koncernrevisionsber\u00e4ttelse.<\/li>\n\n\n\n<li>Beslut om f\u00f6ljande:\n<ol start=\"1\" class=\"wp-block-list\">\n<li>fastst\u00e4llande av resultatr\u00e4kningen och balansr\u00e4kningen samt<br>koncernresultatr\u00e4kningen och koncernbalansr\u00e4kningen,<\/li>\n\n\n\n<li>dispositioner betr\u00e4ffande aktiebolagets vinst eller f\u00f6rlust enligt den<br>fastst\u00e4llda balansr\u00e4kningen, och<\/li>\n\n\n\n<li>ansvarsfrihet \u00e5t styrelseledam\u00f6terna och verkst\u00e4llande direkt\u00f6ren.<\/li>\n<\/ol>\n<\/li>\n\n\n\n<li>Beslut om antalet styrelseledam\u00f6ter.<\/li>\n\n\n\n<li>Fastst\u00e4llande av arvoden till styrelsen och revisorn.<\/li>\n\n\n\n<li>Val till styrelsen och av revisor.<\/li>\n\n\n\n<li>Annat \u00e4rende, som ska tas upp p\u00e5 st\u00e4mman enligt aktiebolagslagen<br>(2005:551) eller bolagsordningen.<\/li>\n<\/ol>\n\n\n\n<p>11.<strong><em>&nbsp;R\u00e4kenskaps\u00e5r<\/em><\/strong><br>Bolagets r\u00e4kenskaps\u00e5r ska vara 1 januari &#8211; 31 december.<\/p>\n\n\n\n<p>12.&nbsp;<strong><em>Avst\u00e4mningsf\u00f6rbeh\u00e5ll<\/em><\/strong><br>Bolagets aktier ska vara registrerade i ett avst\u00e4mningsregister enligt lagen (1998:1479)<br>om v\u00e4rdepapperscentraler och kontof\u00f6ring av finansiella instrument.<\/p>\n\n\n\n<p>13.&nbsp;&nbsp;<strong><em>Fullmakter och Postr\u00f6stning<\/em><\/strong><br>Styrelsen f\u00e5r samla in fullmakter enligt det f\u00f6rfarande som anges i 7 kap. 4 \u00a7 andra stycket aktiebolagslagen (2005:551).<br>Styrelsen f\u00e5r inf\u00f6r en bolagsst\u00e4mma besluta att aktie\u00e4garna ska kunna ut\u00f6va sin r\u00f6str\u00e4tt per post f\u00f6re bolagsst\u00e4mman.<\/p>\n\n\n\n<p><em>Fastst\u00e4lld p\u00e5 extra bolagsst\u00e4mma den 9 december 2020.<\/em><\/p>\n<\/div>\n","protected":false},"excerpt":{"rendered":"<p>Bolagsordning f\u00f6r Concentric AB Org.nr 556828-4995 1.\u00a0\u00a0\u00a0\u00a0\u00a0F\u00f6retagsnamnBolagets f\u00f6retagsnamn \u00e4r Concentric AB. Bolaget \u00e4r publikt (publ). 2.\u00a0\u00a0\u00a0\u00a0\u00a0S\u00e4teStyrelsen ska ha sitt s\u00e4te i Stockholms kommun, Stockholms l\u00e4n. 3.\u00a0\u00a0\u00a0\u00a0\u00a0VerksamhetBolaget ska direkt eller genom innehav av aktier eller andelar i andra f\u00f6retag bedrivautveckling, tillverkning och f\u00f6rs\u00e4ljning av produkter f\u00f6retr\u00e4desvis till fordons- ochtransportindustrin och idka annan d\u00e4rmed f\u00f6renlig verksamhet \u00e4vensom [&hellip;]<\/p>\n","protected":false},"author":16,"featured_media":0,"parent":0,"menu_order":0,"comment_status":"closed","ping_status":"closed","template":"","meta":{"_acf_changed":false,"_relevanssi_hide_post":"","_relevanssi_hide_content":"","_relevanssi_pin_for_all":"","_relevanssi_pin_keywords":"","_relevanssi_unpin_keywords":"","_relevanssi_related_keywords":"","_relevanssi_related_include_ids":"","_relevanssi_related_exclude_ids":"","_relevanssi_related_no_append":"","_relevanssi_related_not_related":"","_relevanssi_related_posts":"1749,1742,1752,1740,1745","_relevanssi_noindex_reason":"","_trash_the_other_posts":false,"editor_notices":[],"footnotes":""},"class_list":["post-1360","page","type-page","status-publish","hentry"],"acf":[],"_links":{"self":[{"href":"https:\/\/www.concentricab.com\/se\/wp-json\/wp\/v2\/pages\/1360","targetHints":{"allow":["GET"]}}],"collection":[{"href":"https:\/\/www.concentricab.com\/se\/wp-json\/wp\/v2\/pages"}],"about":[{"href":"https:\/\/www.concentricab.com\/se\/wp-json\/wp\/v2\/types\/page"}],"author":[{"embeddable":true,"href":"https:\/\/www.concentricab.com\/se\/wp-json\/wp\/v2\/users\/16"}],"replies":[{"embeddable":true,"href":"https:\/\/www.concentricab.com\/se\/wp-json\/wp\/v2\/comments?post=1360"}],"version-history":[{"count":10,"href":"https:\/\/www.concentricab.com\/se\/wp-json\/wp\/v2\/pages\/1360\/revisions"}],"predecessor-version":[{"id":4391,"href":"https:\/\/www.concentricab.com\/se\/wp-json\/wp\/v2\/pages\/1360\/revisions\/4391"}],"wp:attachment":[{"href":"https:\/\/www.concentricab.com\/se\/wp-json\/wp\/v2\/media?parent=1360"}],"curies":[{"name":"wp","href":"https:\/\/api.w.org\/{rel}","templated":true}]}}