{"id":1357,"date":"2023-11-14T13:10:58","date_gmt":"2023-11-14T13:10:58","guid":{"rendered":"https:\/\/www.concentricab.com\/?page_id=1357"},"modified":"2024-07-24T07:06:16","modified_gmt":"2024-07-24T06:06:16","slug":"annual-general-meeting","status":"publish","type":"page","link":"https:\/\/www.concentricab.com\/se\/annual-general-meeting\/","title":{"rendered":"Valberedning"},"content":{"rendered":"\n<div class=\"wp-block-group is-vertical is-layout-flex wp-container-core-group-is-layout-8cf370e7 wp-block-group-is-layout-flex\">\n<div class=\"wp-block-group is-vertical is-layout-flex wp-container-core-group-is-layout-8cf370e7 wp-block-group-is-layout-flex\">\n<h2 class=\"wp-block-heading\">Valberedning inf\u00f6r \u00e5rsst\u00e4mman 2024 f\u00f6r Concentric<\/h2>\n\n\n\n<p><\/p>\n\n\n\n<p>\u00c5rsst\u00e4mman 2019 beslutade att Concentrics valberedning ska best\u00e5 av fem ledam\u00f6ter: styrelseordf\u00f6randen samt representanter f\u00f6r de fyra st\u00f6rsta aktie\u00e4garna. Ledam\u00f6terna i valberedningen utses, i enlighet med beslutet fr\u00e5n \u00e5rsst\u00e4mman 2019, baserat p\u00e5 \u00e4garstrukturen per den 31 augusti 2023.<\/p>\n\n\n\n<p>Concentrics \u00e5rsst\u00e4mma 2024 h\u00f6lls i Stockholm den 18 april 2024.<\/p>\n<\/div>\n\n\n\n<div class=\"wp-block-group has-lighter-grey-background-color has-background is-vertical is-layout-flex wp-container-core-group-is-layout-8cf370e7 wp-block-group-is-layout-flex\">\n<p>Ledam\u00f6terna \u00e4r:<\/p>\n\n\n\n<p>Monica \u00c5smyr, Swedbank Robur Fonder, valberedningens ordf\u00f6rande<br>Maria Rengefors, Nordea Fonder<br>Anette Dahlberg, F\u00f6rsta AP-fonden<br>Carl Sundblad, Cliens Fonder<br>Valberedningen innefattar \u00e4ven styrelsens ordf\u00f6rande, Anders Nielsen<\/p>\n<\/div>\n\n\n\n<div class=\"wp-block-group is-vertical is-layout-flex wp-container-core-group-is-layout-8cf370e7 wp-block-group-is-layout-flex\">\n<p><\/p>\n<\/div>\n<\/div>\n","protected":false},"excerpt":{"rendered":"<p>Valberedning inf\u00f6r \u00e5rsst\u00e4mman 2024 f\u00f6r Concentric \u00c5rsst\u00e4mman 2019 beslutade att Concentrics valberedning ska best\u00e5 av fem ledam\u00f6ter: styrelseordf\u00f6randen samt representanter f\u00f6r de fyra st\u00f6rsta aktie\u00e4garna. Ledam\u00f6terna i valberedningen utses, i enlighet med beslutet fr\u00e5n \u00e5rsst\u00e4mman 2019, baserat p\u00e5 \u00e4garstrukturen per den 31 augusti 2023. Concentrics \u00e5rsst\u00e4mma 2024 h\u00f6lls i Stockholm den 18 april 2024. Ledam\u00f6terna [&hellip;]<\/p>\n","protected":false},"author":16,"featured_media":0,"parent":0,"menu_order":0,"comment_status":"closed","ping_status":"closed","template":"","meta":{"_acf_changed":false,"_relevanssi_hide_post":"","_relevanssi_hide_content":"","_relevanssi_pin_for_all":"","_relevanssi_pin_keywords":"","_relevanssi_unpin_keywords":"","_relevanssi_related_keywords":"","_relevanssi_related_include_ids":"","_relevanssi_related_exclude_ids":"","_relevanssi_related_no_append":"","_relevanssi_related_not_related":"","_relevanssi_related_posts":"1749,1740,1752,1742,1745","_relevanssi_noindex_reason":"","_trash_the_other_posts":false,"editor_notices":[],"footnotes":""},"class_list":["post-1357","page","type-page","status-publish","hentry"],"acf":[],"_links":{"self":[{"href":"https:\/\/www.concentricab.com\/se\/wp-json\/wp\/v2\/pages\/1357","targetHints":{"allow":["GET"]}}],"collection":[{"href":"https:\/\/www.concentricab.com\/se\/wp-json\/wp\/v2\/pages"}],"about":[{"href":"https:\/\/www.concentricab.com\/se\/wp-json\/wp\/v2\/types\/page"}],"author":[{"embeddable":true,"href":"https:\/\/www.concentricab.com\/se\/wp-json\/wp\/v2\/users\/16"}],"replies":[{"embeddable":true,"href":"https:\/\/www.concentricab.com\/se\/wp-json\/wp\/v2\/comments?post=1357"}],"version-history":[{"count":10,"href":"https:\/\/www.concentricab.com\/se\/wp-json\/wp\/v2\/pages\/1357\/revisions"}],"predecessor-version":[{"id":4344,"href":"https:\/\/www.concentricab.com\/se\/wp-json\/wp\/v2\/pages\/1357\/revisions\/4344"}],"wp:attachment":[{"href":"https:\/\/www.concentricab.com\/se\/wp-json\/wp\/v2\/media?parent=1357"}],"curies":[{"name":"wp","href":"https:\/\/api.w.org\/{rel}","templated":true}]}}