{"id":1336,"date":"2023-11-14T12:44:21","date_gmt":"2023-11-14T12:44:21","guid":{"rendered":"https:\/\/www.concentricab.com\/?page_id=1336"},"modified":"2024-07-22T11:25:39","modified_gmt":"2024-07-22T10:25:39","slug":"board-of-directors","status":"publish","type":"page","link":"https:\/\/www.concentricab.com\/se\/board-of-directors\/","title":{"rendered":"Concentric f\u00f6r investerare"},"content":{"rendered":"\n<div class=\"wp-block-group has-light-grey-background-color has-background is-vertical is-layout-flex wp-container-core-group-is-layout-0abfb586 wp-block-group-is-layout-flex\"><div class=\"cover-image-wrapper\">\n    <img decoding=\"async\" src=\"https:\/\/www.concentricab.com\/content\/uploads\/sites\/3\/2024\/07\/board-of-directors-update-1082x297-1.png\" \/><\/div><\/div>\n\n\n\n<div class=\"wp-block-group is-vertical is-layout-flex wp-container-core-group-is-layout-8cf370e7 wp-block-group-is-layout-flex\">\n<div class=\"wp-block-columns is-layout-flex wp-container-core-columns-is-layout-9d6595d7 wp-block-columns-is-layout-flex\">\n<div class=\"wp-block-column is-layout-flow wp-block-column-is-layout-flow\">\n<h5 class=\"wp-block-heading\">Anders Nielsen<\/h5>\n\n\n\n<figure class=\"wp-block-image size-large\"><img loading=\"lazy\" decoding=\"async\" width=\"1024\" height=\"683\" src=\"https:\/\/www.concentricab.com\/content\/uploads\/2023\/12\/CC-221003-Concentric56444-1024x683.jpg\" alt=\"\" class=\"wp-image-2014\" srcset=\"https:\/\/www.concentricab.com\/content\/uploads\/sites\/3\/2023\/12\/CC-221003-Concentric56444-1024x683.jpg 1024w, https:\/\/www.concentricab.com\/content\/uploads\/sites\/3\/2023\/12\/CC-221003-Concentric56444-300x200.jpg 300w, https:\/\/www.concentricab.com\/content\/uploads\/sites\/3\/2023\/12\/CC-221003-Concentric56444-768x512.jpg 768w, https:\/\/www.concentricab.com\/content\/uploads\/sites\/3\/2023\/12\/CC-221003-Concentric56444-1536x1024.jpg 1536w, https:\/\/www.concentricab.com\/content\/uploads\/sites\/3\/2023\/12\/CC-221003-Concentric56444-2048x1365.jpg 2048w\" sizes=\"auto, (max-width: 1024px) 100vw, 1024px\" \/><\/figure>\n\n\n\n<h6 class=\"wp-block-heading\">Styrelseordf\u00f6rande och styrelseledamot sedan 2017<\/h6>\n\n\n\n<p><em>F\u00f6dd 1962<\/em><\/p>\n\n\n\n<p><em>M.Sc. i industriell teknik och management<\/em><\/p>\n\n\n\n<p>CTO Vestas Wind Systems A\/S fr\u00e5n 1 april 2020. Tidigare CTO p\u00e5 TRATON, ansvarig f\u00f6r produktutveckling f\u00f6r varum\u00e4rkena Scania, MAN och Volkswagen Caminh\u00f5es e \u00d4nibus 2016\u20132019, VD f\u00f6r MAN Truck &amp; Bus AG 2012\u20132015. Anders karri\u00e4r inleddes p\u00e5 Scania 1987 och kulminerade med att han uts\u00e5gs till vice VD samt chef f\u00f6r produktion och logistik p\u00e5 Scania AB 2010. Styrelseledamot i Haldex AB 2015\u22122017, Konecranes Oy 2017\u20132019.<\/p>\n\n\n\n<p>Innehav i Concentric: 3&nbsp;700 aktier<br>Oberoende i f\u00f6rh\u00e5llande till bolaget, bolagsledningen och st\u00f6rre aktie\u00e4gare.<\/p>\n<\/div>\n\n\n\n<div class=\"wp-block-column is-layout-flow wp-block-column-is-layout-flow\">\n<h5 class=\"wp-block-heading has-text-align-left\">Claes Magnus \u00c5kesson<\/h5>\n\n\n\n<figure class=\"wp-block-image size-large\"><img loading=\"lazy\" decoding=\"async\" width=\"2154\" height=\"1436\" src=\"https:\/\/www.concentricab.com\/content\/uploads\/2023\/12\/CC-221003-Concentric56705-edited.jpg\" alt=\"\" class=\"wp-image-2024\" srcset=\"https:\/\/www.concentricab.com\/content\/uploads\/sites\/3\/2023\/12\/CC-221003-Concentric56705-edited.jpg 2154w, https:\/\/www.concentricab.com\/content\/uploads\/sites\/3\/2023\/12\/CC-221003-Concentric56705-edited-300x200.jpg 300w, https:\/\/www.concentricab.com\/content\/uploads\/sites\/3\/2023\/12\/CC-221003-Concentric56705-edited-1024x683.jpg 1024w, https:\/\/www.concentricab.com\/content\/uploads\/sites\/3\/2023\/12\/CC-221003-Concentric56705-edited-768x512.jpg 768w, https:\/\/www.concentricab.com\/content\/uploads\/sites\/3\/2023\/12\/CC-221003-Concentric56705-edited-1536x1024.jpg 1536w, https:\/\/www.concentricab.com\/content\/uploads\/sites\/3\/2023\/12\/CC-221003-Concentric56705-edited-2048x1365.jpg 2048w\" sizes=\"auto, (max-width: 2154px) 100vw, 2154px\" \/><\/figure>\n\n\n\n<h6 class=\"wp-block-heading\">Ordf\u00f6rande i revisionsutskottet och styrelseledamot sedan 2010<\/h6>\n\n\n\n<p><em>F\u00f6dd 1959<\/em><\/p>\n\n\n\n<p><em>B.Sc. Civilekonom<\/em><\/p>\n\n\n\n<p>Styrelseordf\u00f6rande i JM@Home. Styrelseledamot i VIE SPAC AB. Tidigare finanschef p\u00e5 JM AB. Tidigare bred internationell erfarenhet fr\u00e5n olika finans- och controllerbefattningar inom Ericssonkoncernen 1987\u20131998. Var styrelseledamot i Handicare Group AB 2017\u20132021, och har haft flera styrelseuppdrag inom JM-gruppen.<\/p>\n\n\n\n<p>Innehav i Concentric: 8,000 aktier<br><em>Oberoende i f\u00f6rh\u00e5llande till bolaget, bolagsledningen och st\u00f6rre aktie\u00e4gare.<\/em><\/p>\n<\/div>\n<\/div>\n<\/div>\n\n\n\n<div class=\"wp-block-group is-vertical is-layout-flex wp-container-core-group-is-layout-8cf370e7 wp-block-group-is-layout-flex\">\n<div class=\"wp-block-columns is-layout-flex wp-container-core-columns-is-layout-9d6595d7 wp-block-columns-is-layout-flex\">\n<div class=\"wp-block-column is-layout-flow wp-block-column-is-layout-flow\">\n<h5 class=\"wp-block-heading\">Martin Sk\u00f6ld<\/h5>\n\n\n\n<figure class=\"wp-block-image size-large\"><img loading=\"lazy\" decoding=\"async\" width=\"2192\" height=\"1461\" src=\"https:\/\/www.concentricab.com\/content\/uploads\/2023\/12\/CC-221003-Concentric56023-edited.jpg\" alt=\"\" class=\"wp-image-2022\" srcset=\"https:\/\/www.concentricab.com\/content\/uploads\/sites\/3\/2023\/12\/CC-221003-Concentric56023-edited.jpg 2192w, https:\/\/www.concentricab.com\/content\/uploads\/sites\/3\/2023\/12\/CC-221003-Concentric56023-edited-300x200.jpg 300w, https:\/\/www.concentricab.com\/content\/uploads\/sites\/3\/2023\/12\/CC-221003-Concentric56023-edited-1024x683.jpg 1024w, https:\/\/www.concentricab.com\/content\/uploads\/sites\/3\/2023\/12\/CC-221003-Concentric56023-edited-768x512.jpg 768w, https:\/\/www.concentricab.com\/content\/uploads\/sites\/3\/2023\/12\/CC-221003-Concentric56023-edited-1536x1024.jpg 1536w, https:\/\/www.concentricab.com\/content\/uploads\/sites\/3\/2023\/12\/CC-221003-Concentric56023-edited-2048x1365.jpg 2048w\" sizes=\"auto, (max-width: 2192px) 100vw, 2192px\" \/><\/figure>\n\n\n\n<h6 class=\"wp-block-heading\">Styrelseledamot sedan 2010<\/h6>\n\n\n\n<p>F\u00f6dd 1973<\/p>\n\n\n\n<p>Ekonomie dr f\u00f6retagsekonomi, M.Sc. Industriell ekonomi och f\u00f6retagsekonomi samt B.Sc. i innovationsteknik.<br>Ekonomie dr, docent, Innovation and Operations Management vid Handelsh\u00f6gskolan i Stockholm.<\/p>\n\n\n\n<p>F\u00f6rest\u00e5ndare och ledamot i Stiftelsen IMIT. Ordf\u00f6rande i Vedum K\u00f6k &amp; Bad AB och Kv\u00e4num K\u00f6k. R\u00e5dgivare till multinationella koncerner, samt uppdrag inom familjef\u00f6retag som tillverkar tunga sl\u00e4p och trailers f\u00f6r tunga lastbilar samt grossistverksamhet av reservdelar till tunga sl\u00e4p och trailers.<\/p>\n\n\n\n<p>Innehav i Concentric: 400 aktier<br><em>Oberoende i f\u00f6rh\u00e5llande till bolaget, bolagsledningen och st\u00f6rre aktie\u00e4gare.<\/em><\/p>\n<\/div>\n\n\n\n<div class=\"wp-block-column is-layout-flow wp-block-column-is-layout-flow\">\n<h5 class=\"wp-block-heading\">Karin Gunnarsson<\/h5>\n\n\n\n<figure class=\"wp-block-image size-large\"><img loading=\"lazy\" decoding=\"async\" width=\"1024\" height=\"683\" src=\"https:\/\/www.concentricab.com\/content\/uploads\/2023\/12\/CC-221003-Concentric56780-1024x683.jpg\" alt=\"\" class=\"wp-image-2016\" srcset=\"https:\/\/www.concentricab.com\/content\/uploads\/sites\/3\/2023\/12\/CC-221003-Concentric56780-1024x683.jpg 1024w, https:\/\/www.concentricab.com\/content\/uploads\/sites\/3\/2023\/12\/CC-221003-Concentric56780-300x200.jpg 300w, https:\/\/www.concentricab.com\/content\/uploads\/sites\/3\/2023\/12\/CC-221003-Concentric56780-768x512.jpg 768w, https:\/\/www.concentricab.com\/content\/uploads\/sites\/3\/2023\/12\/CC-221003-Concentric56780-1536x1024.jpg 1536w, https:\/\/www.concentricab.com\/content\/uploads\/sites\/3\/2023\/12\/CC-221003-Concentric56780-2048x1365.jpg 2048w\" sizes=\"auto, (max-width: 1024px) 100vw, 1024px\" \/><\/figure>\n\n\n\n<h6 class=\"wp-block-heading\">Styrelseledamot sedan 2019<\/h6>\n\n\n\n<p><em>F\u00f6dd 1962<\/em><\/p>\n\n\n\n<p><em>B.Sc. Civilekonom<\/em><\/p>\n\n\n\n<p>Styrelseledamot i bland annat Beijer Electronics Group AB och Bulten AB. Tidigare finanschef och IR-ansvarig p\u00e5 HEXPOL AB. Erfarenhet fr\u00e5n olika befattningar inom finans och controlling, till exempel SVP f\u00f6r Group Controlling p\u00e5 Telelogic AB och koncernredovisningschef p\u00e5 Trelleborg AB.<\/p>\n\n\n\n<p>Innehav i Concentric: 2,500 aktier<br><em>Oberoende i f\u00f6rh\u00e5llande till bolaget, bolagsledningen och st\u00f6rre aktie\u00e4gare.<\/em><\/p>\n<\/div>\n<\/div>\n<\/div>\n\n\n\n<div class=\"wp-block-group is-vertical is-layout-flex wp-container-core-group-is-layout-8cf370e7 wp-block-group-is-layout-flex\">\n<div class=\"wp-block-columns is-layout-flex wp-container-core-columns-is-layout-9d6595d7 wp-block-columns-is-layout-flex\">\n<div class=\"wp-block-column is-layout-flow wp-block-column-is-layout-flow\">\n<h5 class=\"wp-block-heading has-text-align-left\">Petra Sundstr\u00f6m<\/h5>\n\n\n\n<figure class=\"wp-block-image size-large\"><img loading=\"lazy\" decoding=\"async\" width=\"2337\" height=\"1558\" src=\"https:\/\/www.concentricab.com\/content\/uploads\/2023\/12\/CC-221003-Concentric56218-edited.jpg\" alt=\"\" class=\"wp-image-2023\" srcset=\"https:\/\/www.concentricab.com\/content\/uploads\/sites\/3\/2023\/12\/CC-221003-Concentric56218-edited.jpg 2337w, https:\/\/www.concentricab.com\/content\/uploads\/sites\/3\/2023\/12\/CC-221003-Concentric56218-edited-300x200.jpg 300w, https:\/\/www.concentricab.com\/content\/uploads\/sites\/3\/2023\/12\/CC-221003-Concentric56218-edited-1024x683.jpg 1024w, https:\/\/www.concentricab.com\/content\/uploads\/sites\/3\/2023\/12\/CC-221003-Concentric56218-edited-768x512.jpg 768w, https:\/\/www.concentricab.com\/content\/uploads\/sites\/3\/2023\/12\/CC-221003-Concentric56218-edited-1536x1024.jpg 1536w, https:\/\/www.concentricab.com\/content\/uploads\/sites\/3\/2023\/12\/CC-221003-Concentric56218-edited-2048x1365.jpg 2048w\" sizes=\"auto, (max-width: 2337px) 100vw, 2337px\" \/><\/figure>\n\n\n\n<h6 class=\"wp-block-heading\">Styrelseledamot sedan 2021<\/h6>\n\n\n\n<p><em>F\u00f6dd 19<\/em>76<\/p>\n\n\n\n<p><em>Fil. dr i m\u00e4nniska-datorinteraktion samt Master i datalogi<\/em>.<\/p>\n\n\n\n<p>Vice President och chef f\u00f6r Digital Offering hos Sandvik Rock Processing. Tidigare ordf\u00f6rande f\u00f6r IoT Sverige. Petra har tidigare arbetat p\u00e5 Husqvarna Group och \u00e4r en flitigt anlitad f\u00f6rel\u00e4sare inom \u00e4mnen som digital transformation, innovation och sakernas internet (IoT).<\/p>\n\n\n\n<p>Innehav i Concentric: 200 aktier<br><em><em>Oberoende i f\u00f6rh\u00e5llande till bolaget, bolagsledningen och st\u00f6rre aktie\u00e4gare.<\/em><\/em><\/p>\n<\/div>\n\n\n\n<div class=\"wp-block-column is-layout-flow wp-block-column-is-layout-flow\">\n<h5 class=\"wp-block-heading\">Joachim Rosenberg<\/h5>\n\n\n\n<figure class=\"wp-block-image size-large\"><img loading=\"lazy\" decoding=\"async\" width=\"1024\" height=\"683\" src=\"https:\/\/www.concentricab.com\/content\/uploads\/2023\/12\/CC-221003-Concentric56128-1024x683.jpg\" alt=\"\" class=\"wp-image-2011\" srcset=\"https:\/\/www.concentricab.com\/content\/uploads\/sites\/3\/2023\/12\/CC-221003-Concentric56128-1024x683.jpg 1024w, https:\/\/www.concentricab.com\/content\/uploads\/sites\/3\/2023\/12\/CC-221003-Concentric56128-300x200.jpg 300w, https:\/\/www.concentricab.com\/content\/uploads\/sites\/3\/2023\/12\/CC-221003-Concentric56128-768x512.jpg 768w, https:\/\/www.concentricab.com\/content\/uploads\/sites\/3\/2023\/12\/CC-221003-Concentric56128-1536x1024.jpg 1536w, https:\/\/www.concentricab.com\/content\/uploads\/sites\/3\/2023\/12\/CC-221003-Concentric56128-2048x1365.jpg 2048w\" sizes=\"auto, (max-width: 1024px) 100vw, 1024px\" \/><\/figure>\n\n\n\n<h6 class=\"wp-block-heading\">Styrelseledamot sedan 2021<\/h6>\n\n\n\n<p><em>F\u00f6dd 19<\/em>70<\/p>\n\n\n\n<p><em>M.Sc. i industriell teknik och management, civilekonom och ekonomie magister.<\/em><\/p>\n\n\n\n<p>Executive Vice President f\u00f6r Volvo-koncernen. Joachim har arbetat inom Volvo-koncernen sedan 2005 och \u00e4r sedan 2012 medlem av bolagets koncernledning. Han \u00e4r chef f\u00f6r Volvo Energy sedan 2021. F\u00f6re Volvo arbetade Joachim p\u00e5 McKinsey &amp; Company under \u00e5tta \u00e5r, baserad i Europa och USA.<\/p>\n\n\n\n<p>Innehav i Concentric: 1,000 aktier<br><em><em>Oberoende i f\u00f6rh\u00e5llande till bolaget, bolagsledningen och st\u00f6rre aktie\u00e4gare.<\/em><\/em><\/p>\n<\/div>\n<\/div>\n<\/div>\n\n\n\n<div class=\"wp-block-group is-vertical is-layout-flex wp-container-core-group-is-layout-8cf370e7 wp-block-group-is-layout-flex\">\n<div class=\"wp-block-columns is-layout-flex wp-container-core-columns-is-layout-9d6595d7 wp-block-columns-is-layout-flex\">\n<div class=\"wp-block-column is-layout-flow wp-block-column-is-layout-flow\">\n<h5 class=\"wp-block-heading has-text-align-left\">Mark Williamson<\/h5>\n\n\n\n<figure class=\"wp-block-image size-large\"><img loading=\"lazy\" decoding=\"async\" width=\"1024\" height=\"982\" src=\"https:\/\/www.concentricab.com\/content\/uploads\/2024\/04\/Mark-Williamson-without-background-e1714128678823-1024x982.png\" alt=\"\" class=\"wp-image-4101\" srcset=\"https:\/\/www.concentricab.com\/content\/uploads\/sites\/3\/2024\/04\/Mark-Williamson-without-background-e1714128678823-1024x982.png 1024w, https:\/\/www.concentricab.com\/content\/uploads\/sites\/3\/2024\/04\/Mark-Williamson-without-background-e1714128678823-300x288.png 300w, https:\/\/www.concentricab.com\/content\/uploads\/sites\/3\/2024\/04\/Mark-Williamson-without-background-e1714128678823-768x737.png 768w, https:\/\/www.concentricab.com\/content\/uploads\/sites\/3\/2024\/04\/Mark-Williamson-without-background-e1714128678823-1536x1473.png 1536w, https:\/\/www.concentricab.com\/content\/uploads\/sites\/3\/2024\/04\/Mark-Williamson-without-background-e1714128678823-2048x1964.png 2048w\" sizes=\"auto, (max-width: 1024px) 100vw, 1024px\" \/><\/figure>\n\n\n\n<h6 class=\"wp-block-heading\">Styrelseledamot sedan 2024<\/h6>\n\n\n\n<p><em>F\u00f6dd 1960 <\/em><\/p>\n\n\n\n<p><em>HND i maskin- och produktionsteknik<\/em><\/p>\n\n\n\n<p>General Manager f\u00f6r HVAC EMEA p\u00e5 SPX Cooling Technologies, Inc. Mark Williamsons tidigare befattningar inkluderar bland annat VP f\u00f6r Operations &amp; Services och General Manager f\u00f6r Australasia p\u00e5 Aereon, samt Global Aftermarket Director p\u00e5 Gardner Denver, ett KKR &amp; Co-\u00e4gt f\u00f6retag. Mark har tidigare arbetat p\u00e5 det finska f\u00f6retaget Cargotec Oy och innehaft ledande befattningar som SVP f\u00f6r Hiab Services och SVP f\u00f6r Kalmar EMEA.<\/p>\n\n\n\n<p>Innehav i Concentric: 0 aktier<\/p>\n\n\n\n<p><em><em>Oberoende i f\u00f6rh\u00e5llande till bolaget, bolagsledningen och st\u00f6rre aktie\u00e4gare.<\/em><\/em><\/p>\n<\/div>\n\n\n\n<div class=\"wp-block-column is-layout-flow wp-block-column-is-layout-flow\">\n<h5 class=\"wp-block-heading\">Frida Norrbom Sans<\/h5>\n\n\n\n<figure class=\"wp-block-image size-large\"><img loading=\"lazy\" decoding=\"async\" width=\"1024\" height=\"908\" src=\"https:\/\/www.concentricab.com\/content\/uploads\/2024\/04\/Frida-Norrbom-Sams-1024x908.png\" alt=\"\" class=\"wp-image-4103\" srcset=\"https:\/\/www.concentricab.com\/content\/uploads\/sites\/3\/2024\/04\/Frida-Norrbom-Sams-1024x908.png 1024w, https:\/\/www.concentricab.com\/content\/uploads\/sites\/3\/2024\/04\/Frida-Norrbom-Sams-300x266.png 300w, https:\/\/www.concentricab.com\/content\/uploads\/sites\/3\/2024\/04\/Frida-Norrbom-Sams-768x681.png 768w, https:\/\/www.concentricab.com\/content\/uploads\/sites\/3\/2024\/04\/Frida-Norrbom-Sams-1536x1363.png 1536w, https:\/\/www.concentricab.com\/content\/uploads\/sites\/3\/2024\/04\/Frida-Norrbom-Sams-2048x1817.png 2048w\" sizes=\"auto, (max-width: 1024px) 100vw, 1024px\" \/><\/figure>\n\n\n\n<h6 class=\"wp-block-heading\">Styrelseledamot sedan 2024<\/h6>\n\n\n\n<p><em>F\u00f6dd <\/em>1971<\/p>\n\n\n\n<p><em><em>M.Sc. Civilekonom<\/em><\/em><\/p>\n\n\n\n<p>Koncernchef och VD f\u00f6r Hydroscand Group. Frida har varit koncernchef och VD f\u00f6r Hydroscand Group sedan 2019. Tidigare har Frida arbetat som vice VD f\u00f6r avdelningen Applications p\u00e5 NKT Group, vice VD och chef f\u00f6r EMEA p\u00e5 Husqvarna Group samt vice VD och chef f\u00f6r regionen Norden p\u00e5 Sanitec Oy. Hon har ocks\u00e5 varit chef p\u00e5 Andersen\/BearingPoint.<\/p>\n\n\n\n<p>Innehav i Concentric: 0 aktier<\/p>\n\n\n\n<p><em><em>Oberoende i f\u00f6rh\u00e5llande till bolaget, bolagsledningen och st\u00f6rre aktie\u00e4gare.<\/em><\/em><\/p>\n<\/div>\n<\/div>\n<\/div>\n\n\n\n<div class=\"wp-block-group has-light-grey-background-color has-background is-vertical is-layout-flex wp-container-core-group-is-layout-8cf370e7 wp-block-group-is-layout-flex\">\n<h3 class=\"wp-block-heading\"><em>Styrelsens sammans\u00e4ttning<\/em><\/h3>\n\n\n\n<p>Enligt bolagsordningen ska Concentrics styrelse best\u00e5 av l\u00e4gst 3 och h\u00f6gst 7 ledam\u00f6ter valda av \u00e5rsst\u00e4mman f\u00f6r tiden intill slutet av n\u00e4sta \u00e5rsst\u00e4mma. Concentrics verkst\u00e4llande direkt\u00f6r deltar i styrelsem\u00f6ten och koncernens ekonomi- och finansdirekt\u00f6r fungerar som styrelsens sekreterare. Andra tj\u00e4nstem\u00e4n i bolaget deltar i styrelsens sammantr\u00e4den som f\u00f6redragande av s\u00e4rskilda fr\u00e5gor.<\/p>\n\n\n\n<p>Vid val av styrelse \u00e4r m\u00e5let att s\u00e4kerst\u00e4lla att styrelsen som helhet, f\u00f6r arbetets \u00e4ndam\u00e5l, \u00e4ger de n\u00f6dv\u00e4ndiga kunskaperna om och erfarenheterna av de sociala, aff\u00e4rsm\u00e4ssiga och kulturella f\u00f6rh\u00e5llandena i de regioner och marknader d\u00e4r Concentric-koncernen har sin huvudsakliga verksamhet. Enligt Svensk Kod f\u00f6r Bolagsstyrning (\u201dkoden\u201d), som Concentric f\u00f6ljer, b\u00f6r styrelsens sammans\u00e4ttning vara l\u00e4mplig f\u00f6r f\u00f6retagets verksamhet, utvecklingsfas och andra relevanta omst\u00e4ndigheter. Styrelseledam\u00f6terna som v\u00e4ljs av \u00e5rsst\u00e4mman ska kollektivt uppvisa den m\u00e5ngfald och bredd inom kvalifikationer, erfarenhet och bakgrund som kr\u00e4vs. Enligt Svensk Kod f\u00f6r Bolagsstyrning ska f\u00f6retaget efterstr\u00e4va en balanserad k\u00f6nsf\u00f6rdelning i styrelsen. Styrelseordf\u00f6randen ska diskutera f\u00f6retagets behov betr\u00e4ffande styrelseledam\u00f6ternas kompetens, erfarenhet och bakgrund med valberedningen. Valberedningen ska rapportera om sitt arbete och f\u00f6rklara sina f\u00f6rslag p\u00e5 \u00e5rsst\u00e4mman och ska publicera ett motiverat yttrande till st\u00f6d f\u00f6r sina f\u00f6rslag p\u00e5 Concentrics webbplats.<\/p>\n\n\n\n<p>I enlighet med Svensk Kod f\u00f6r Bolagsstyrning ska en majoritet av de bolagsst\u00e4mmovalda styrelseledam\u00f6terna vara oberoende i f\u00f6rh\u00e5llande till bolaget och bolagsledningen. Detta krav g\u00e4ller inte eventuella arbetstagarrepresentanter. F\u00f6r att avg\u00f6ra om en styrelseledamot \u00e4r oberoende ska en samlad bed\u00f6mning g\u00f6ras av samtliga omst\u00e4ndigheter som kan ge anledning att ifr\u00e5gas\u00e4tta ledamotens oberoende i f\u00f6rh\u00e5llande till bolaget eller bolagsledningen, exempelvis om ledamoten nyligen varit anst\u00e4lld i bolaget eller ett n\u00e4rst\u00e5ende f\u00f6retag. Minst tv\u00e5 av de styrelseledam\u00f6ter som \u00e4r oberoende i f\u00f6rh\u00e5llande till bolaget och bolagsledningen ska ocks\u00e5 vara oberoende i f\u00f6rh\u00e5llande till bolagets st\u00f6rre aktie\u00e4gare. F\u00f6r att bed\u00f6ma detta oberoende ska omfattningen av ledamotens direkta eller indirekta f\u00f6rh\u00e5llanden till st\u00f6rre aktie\u00e4gare beaktas. Med st\u00f6rre aktie\u00e4gare avses i koden aktie\u00e4gare som direkt eller indirekt kontrollerar 10% eller mer av aktierna eller r\u00f6sterna i bolaget.<\/p>\n<\/div>\n\n\n\n<div class=\"wp-block-group has-dark-beige-background-color has-background is-vertical is-layout-flex wp-container-core-group-is-layout-8cf370e7 wp-block-group-is-layout-flex\">\n<h3 class=\"wp-block-heading\"><em>Styrelsens ansvar och arbete<\/em><\/h3>\n\n\n\n<p>Styrelsens uppgifter regleras i aktiebolagslagen, bolagsordningen och koden. Styrelsens arbete regleras dessutom av den arbetsordning som styrelsen \u00e5rligen fastst\u00e4ller. Arbetsordningen reglerar arbets- och ansvarsf\u00f6rdelningen mellan styrelsen, styrelsens ordf\u00f6rande och den verkst\u00e4llande direkt\u00f6ren.<\/p>\n\n\n\n<p>Styrelsen ansvarar f\u00f6r koncernens organisation och f\u00f6rvaltning av dess angel\u00e4genheter, fastst\u00e4llande av koncernens \u00f6vergripande m\u00e5l, utveckling och uppf\u00f6ljning av de \u00f6vergripande strategierna, beslut om st\u00f6rre f\u00f6rv\u00e4rv, avyttringar och investeringar, l\u00f6pande uppf\u00f6ljning av verksamheten samt fastst\u00e4llande av kvartals- och \u00e5rsbokslut. Styrelsen ansvarar ocks\u00e5 f\u00f6r den fortl\u00f6pande utv\u00e4rderingen av ledningen, liksom f\u00f6r system f\u00f6r \u00f6vervakning och intern kontroll och koncernens finansiella rapportering och st\u00e4llning. Styrelsen tillser dessutom att bolagets externa informationsgivning pr\u00e4glas av \u00f6ppenhet samt \u00e4r korrekt, relevant och tydlig. Vid styrelsens sammantr\u00e4den finns f\u00f6ljande punkter \u00e5terkommande p\u00e5 agendan: koncernens utveckling och st\u00e4llning, aff\u00e4rsl\u00e4get, organisationsfr\u00e5gor, m\u00e5nadsbokslut, extern kommunikation, tvister, f\u00f6rv\u00e4rv och avyttringar, st\u00f6rre aff\u00e4rsavtal, utvecklingsprojekt och investeringar.<\/p>\n<\/div>\n","protected":false},"excerpt":{"rendered":"<p>Anders Nielsen Styrelseordf\u00f6rande och styrelseledamot sedan 2017 F\u00f6dd 1962 M.Sc. i industriell teknik och management CTO Vestas Wind Systems A\/S fr\u00e5n 1 april 2020. Tidigare CTO p\u00e5 TRATON, ansvarig f\u00f6r produktutveckling f\u00f6r varum\u00e4rkena Scania, MAN och Volkswagen Caminh\u00f5es e \u00d4nibus 2016\u20132019, VD f\u00f6r MAN Truck &amp; Bus AG 2012\u20132015. Anders karri\u00e4r inleddes p\u00e5 Scania 1987 [&hellip;]<\/p>\n","protected":false},"author":16,"featured_media":0,"parent":0,"menu_order":0,"comment_status":"closed","ping_status":"closed","template":"","meta":{"_acf_changed":false,"_relevanssi_hide_post":"","_relevanssi_hide_content":"","_relevanssi_pin_for_all":"","_relevanssi_pin_keywords":"","_relevanssi_unpin_keywords":"","_relevanssi_related_keywords":"","_relevanssi_related_include_ids":"","_relevanssi_related_exclude_ids":"","_relevanssi_related_no_append":"","_relevanssi_related_not_related":"","_relevanssi_related_posts":"1740,1749,1745,1742,1,1752","_relevanssi_noindex_reason":"","_trash_the_other_posts":false,"editor_notices":[],"footnotes":""},"class_list":["post-1336","page","type-page","status-publish","hentry"],"acf":[],"_links":{"self":[{"href":"https:\/\/www.concentricab.com\/se\/wp-json\/wp\/v2\/pages\/1336","targetHints":{"allow":["GET"]}}],"collection":[{"href":"https:\/\/www.concentricab.com\/se\/wp-json\/wp\/v2\/pages"}],"about":[{"href":"https:\/\/www.concentricab.com\/se\/wp-json\/wp\/v2\/types\/page"}],"author":[{"embeddable":true,"href":"https:\/\/www.concentricab.com\/se\/wp-json\/wp\/v2\/users\/16"}],"replies":[{"embeddable":true,"href":"https:\/\/www.concentricab.com\/se\/wp-json\/wp\/v2\/comments?post=1336"}],"version-history":[{"count":10,"href":"https:\/\/www.concentricab.com\/se\/wp-json\/wp\/v2\/pages\/1336\/revisions"}],"predecessor-version":[{"id":4255,"href":"https:\/\/www.concentricab.com\/se\/wp-json\/wp\/v2\/pages\/1336\/revisions\/4255"}],"wp:attachment":[{"href":"https:\/\/www.concentricab.com\/se\/wp-json\/wp\/v2\/media?parent=1336"}],"curies":[{"name":"wp","href":"https:\/\/api.w.org\/{rel}","templated":true}]}}