{"id":1332,"date":"2023-11-14T12:44:07","date_gmt":"2023-11-14T12:44:07","guid":{"rendered":"https:\/\/www.concentricab.com\/?page_id=1332"},"modified":"2024-07-22T11:39:37","modified_gmt":"2024-07-22T10:39:37","slug":"management-team","status":"publish","type":"page","link":"https:\/\/www.concentricab.com\/se\/management-team\/","title":{"rendered":"Ledningsteam"},"content":{"rendered":"\n<div class=\"wp-block-group is-vertical is-layout-flex wp-container-core-group-is-layout-8cf370e7 wp-block-group-is-layout-flex\">\n<div class=\"wp-block-columns is-layout-flex wp-container-core-columns-is-layout-9d6595d7 wp-block-columns-is-layout-flex\">\n<div class=\"wp-block-column is-layout-flow wp-block-column-is-layout-flow\">\n<h5 class=\"wp-block-heading\">Martin Kunz<\/h5>\n\n\n\n<figure class=\"wp-block-image size-large\"><img loading=\"lazy\" decoding=\"async\" width=\"1024\" height=\"942\" src=\"https:\/\/www.concentricab.com\/content\/uploads\/2024\/01\/F-E51A7225-1024x942.png\" alt=\"\" class=\"wp-image-2576\" style=\"aspect-ratio:1;object-fit:cover\" srcset=\"https:\/\/www.concentricab.com\/content\/uploads\/sites\/3\/2024\/01\/F-E51A7225-1024x942.png 1024w, https:\/\/www.concentricab.com\/content\/uploads\/sites\/3\/2024\/01\/F-E51A7225-300x276.png 300w, https:\/\/www.concentricab.com\/content\/uploads\/sites\/3\/2024\/01\/F-E51A7225-768x706.png 768w, https:\/\/www.concentricab.com\/content\/uploads\/sites\/3\/2024\/01\/F-E51A7225-1536x1413.png 1536w, https:\/\/www.concentricab.com\/content\/uploads\/sites\/3\/2024\/01\/F-E51A7225-2048x1884.png 2048w\" sizes=\"auto, (max-width: 1024px) 100vw, 1024px\" \/><\/figure>\n\n\n\n<h6 class=\"wp-block-heading\"><strong>VD och koncernchef<\/strong><\/h6>\n\n\n\n<p><em>F\u00f6dd 1965<\/em><\/p>\n\n\n\n<p><em>M.Sc. i maskinteknik och ekonomi<\/em><\/p>\n\n\n\n<p>Martin Kunz kom till Concentric i mars 2022 som VD och koncernchef. Innan dess arbetade han i 6 \u00e5r p\u00e5 Xylem Inc. som Vice President &amp; General Manager f\u00f6r Applied Water Systems EMEA samt den globala Specialty Flow Control-verksamheten, och senast som Vice<br>President Commercial, Europe med ansvar f\u00f6r en f\u00f6rs\u00e4ljning p\u00e5 \u00f6ver 1 miljard USD. Innan Martin b\u00f6rjade p\u00e5 Xylem hade han globalt funktions- och ledningsansvar i olika positioner p\u00e5 Pentair Inc, Ahlstrom OY och Acument Global Technologies (tidigare Textron Fastening Systems).<\/p>\n\n\n\n<p><em>Innehav i Concentric: 12,990 aktier<\/em><\/p>\n<\/div>\n\n\n\n<div class=\"wp-block-column is-layout-flow wp-block-column-is-layout-flow\"><\/div>\n\n\n\n<div class=\"wp-block-column is-layout-flow wp-block-column-is-layout-flow\">\n<h5 class=\"wp-block-heading has-text-align-left\">Marcus Whitehouse<\/h5>\n\n\n\n<figure class=\"wp-block-image size-full\"><img loading=\"lazy\" decoding=\"async\" width=\"1651\" height=\"1101\" src=\"https:\/\/www.concentricab.com\/content\/uploads\/2024\/03\/Marcus-Whitehouse.png\" alt=\"\" class=\"wp-image-3103\" style=\"aspect-ratio:1;object-fit:cover\" srcset=\"https:\/\/www.concentricab.com\/content\/uploads\/sites\/3\/2024\/03\/Marcus-Whitehouse.png 1651w, https:\/\/www.concentricab.com\/content\/uploads\/sites\/3\/2024\/03\/Marcus-Whitehouse-300x200.png 300w, https:\/\/www.concentricab.com\/content\/uploads\/sites\/3\/2024\/03\/Marcus-Whitehouse-1024x683.png 1024w, https:\/\/www.concentricab.com\/content\/uploads\/sites\/3\/2024\/03\/Marcus-Whitehouse-768x512.png 768w, https:\/\/www.concentricab.com\/content\/uploads\/sites\/3\/2024\/03\/Marcus-Whitehouse-1536x1024.png 1536w\" sizes=\"auto, (max-width: 1651px) 100vw, 1651px\" \/><\/figure>\n\n\n\n<h6 class=\"wp-block-heading\"><strong>Finanschef<\/strong><\/h6>\n\n\n\n<p><em>F\u00f6dd 19<\/em>71<\/p>\n\n\n\n<p><em>Fellow p\u00e5 Association of Chartered and Certified Accountants<\/em><\/p>\n\n\n\n<p>Marcus Whitehouse kom till Concentric som koncernens finansdirekt\u00f6r i januari 2018 fr\u00e5n JCB, d\u00e4r han arbetat i tio \u00e5r, senast som Director of Group Finance. P\u00e5 JCB har Marcus haft seniora finansiella roller och lett strategiskt arbete och operativt f\u00f6rb\u00e4ttringsarbete. Innan han kom till JCB arbetade Marcus f\u00f6r Linpac (PE-\u00e4gt), Huntsman Group (NYSE) och Albright &amp; Wilson PLC (LSE).<\/p>\n\n\n\n<p>Innehav i Concentric: 6,388 aktier<\/p>\n<\/div>\n<\/div>\n<\/div>\n\n\n\n<div class=\"wp-block-group is-vertical is-layout-flex wp-container-core-group-is-layout-8cf370e7 wp-block-group-is-layout-flex\">\n<div class=\"wp-block-columns is-layout-flex wp-container-core-columns-is-layout-9d6595d7 wp-block-columns-is-layout-flex\">\n<div class=\"wp-block-column is-layout-flow wp-block-column-is-layout-flow\">\n<h5 class=\"wp-block-heading has-text-align-left\">Brandon Larche<\/h5>\n\n\n\n<figure class=\"wp-block-image size-full\"><img loading=\"lazy\" decoding=\"async\" width=\"2477\" height=\"1651\" src=\"https:\/\/www.concentricab.com\/content\/uploads\/2023\/12\/CC-221003-Concentric56624.jpg\" alt=\"\" class=\"wp-image-2030\" style=\"aspect-ratio:1;object-fit:cover\" srcset=\"https:\/\/www.concentricab.com\/content\/uploads\/sites\/3\/2023\/12\/CC-221003-Concentric56624.jpg 2477w, https:\/\/www.concentricab.com\/content\/uploads\/sites\/3\/2023\/12\/CC-221003-Concentric56624-300x200.jpg 300w, https:\/\/www.concentricab.com\/content\/uploads\/sites\/3\/2023\/12\/CC-221003-Concentric56624-1024x683.jpg 1024w, https:\/\/www.concentricab.com\/content\/uploads\/sites\/3\/2023\/12\/CC-221003-Concentric56624-768x512.jpg 768w, https:\/\/www.concentricab.com\/content\/uploads\/sites\/3\/2023\/12\/CC-221003-Concentric56624-1536x1024.jpg 1536w, https:\/\/www.concentricab.com\/content\/uploads\/sites\/3\/2023\/12\/CC-221003-Concentric56624-2048x1365.jpg 2048w\" sizes=\"auto, (max-width: 2477px) 100vw, 2477px\" \/><\/figure>\n\n\n\n<h6 class=\"wp-block-heading\"><strong>Senior Vice President och operativ chef f\u00f6r EMP<\/strong><\/h6>\n\n\n\n<p><em>F\u00f6dd 19<\/em>83<\/p>\n\n\n\n<p><em>B.Sc. Civilekonom<\/em><\/p>\n\n\n\n<p>Brandon Larche kom till Concentric som SVP och COO n\u00e4r EMP f\u00f6rv\u00e4rvades av Concentric i oktober 2021. Brandon har \u00f6ver 16 \u00e5rs erfarenhet inom tillverkningsindustrin. Tidigare har Brandon haft befattningar som CFO, COO och VD p\u00e5 EMP. F\u00f6rutom sitt ledningsansvar har Brandon \u00e4ven haft flera ekonomiska och operativa befattningar.<\/p>\n\n\n\n<p><em>Innehav i Concentric: 4,400 aktier<\/em><\/p>\n<\/div>\n\n\n\n<div class=\"wp-block-column is-layout-flow wp-block-column-is-layout-flow\">\n<h5 class=\"wp-block-heading\">Jennifer Todd-Wilson<\/h5>\n\n\n\n<figure class=\"wp-block-image size-large\"><img loading=\"lazy\" decoding=\"async\" width=\"1024\" height=\"1024\" src=\"https:\/\/www.concentricab.com\/content\/uploads\/2023\/12\/CC-CC_Jennifer_2023_FL-scaled-e1705322478133-1024x1024.jpg\" alt=\"\" class=\"wp-image-2033\"\/><\/figure>\n\n\n\n<h6 class=\"wp-block-heading\"><strong>Vice President Human Resources &amp; Sustainability<\/strong><\/h6>\n\n\n\n<p><em>F\u00f6dd 19<\/em>79<\/p>\n\n\n\n<p><em>Kandidatexamen (Bachelor of Commerce) och f\u00f6retagsexamen i Front Line Management<\/em><\/p>\n\n\n\n<p>Jennifer Todd-Wilson kom till Concentric som chef f\u00f6r koncernens personalavdelning i januari 2023. Jennifer har tidigare arbetat i 10 \u00e5r p\u00e5 Xylem Inc, en global ledande akt\u00f6re inom vattenteknik, senast i rollen som chef f\u00f6r Service, Rental &amp; Continuous Improvement f\u00f6r Storbritannien och Irland med ansvar f\u00f6r ett stort front line-team. Under sin tid p\u00e5 Xylem har Jennifer ocks\u00e5 varit personalchef f\u00f6r Applied Water Systems EMEA, den globala Specialty Flow Control-verksamheten och det kommersiella segmentet f\u00f6r Australien\/Nya Zeeland och Japan. I b\u00f6rjan av karri\u00e4ren hade Jennifer ledande befattningar inom omr\u00e5den som HR, s\u00e4kerhet, kvalitet och operativ verksamhet i Australien p\u00e5 Onesteel Ltd (en avknoppning fr\u00e5n BHP Billiton), PPG Industries och Toyota Motor Corporation Australia.<\/p>\n\n\n\n<p><em>Innehav i Concentric: 0 aktier<\/em><\/p>\n<\/div>\n\n\n\n<div class=\"wp-block-column is-layout-flow wp-block-column-is-layout-flow\">\n<h5 class=\"wp-block-heading\">Boris Gavric<\/h5>\n\n\n\n<figure class=\"wp-block-image size-full\"><img loading=\"lazy\" decoding=\"async\" width=\"1651\" height=\"1651\" src=\"https:\/\/www.concentricab.com\/content\/uploads\/2023\/12\/CC-Boris_Gavric_FL-e1706869504885.jpg\" alt=\"\" class=\"wp-image-2032\" style=\"aspect-ratio:1;object-fit:cover\" srcset=\"https:\/\/www.concentricab.com\/content\/uploads\/sites\/3\/2023\/12\/CC-Boris_Gavric_FL-e1706869504885.jpg 1651w, https:\/\/www.concentricab.com\/content\/uploads\/sites\/3\/2023\/12\/CC-Boris_Gavric_FL-e1706869504885-300x300.jpg 300w, https:\/\/www.concentricab.com\/content\/uploads\/sites\/3\/2023\/12\/CC-Boris_Gavric_FL-e1706869504885-1024x1024.jpg 1024w, https:\/\/www.concentricab.com\/content\/uploads\/sites\/3\/2023\/12\/CC-Boris_Gavric_FL-e1706869504885-150x150.jpg 150w, https:\/\/www.concentricab.com\/content\/uploads\/sites\/3\/2023\/12\/CC-Boris_Gavric_FL-e1706869504885-768x768.jpg 768w, https:\/\/www.concentricab.com\/content\/uploads\/sites\/3\/2023\/12\/CC-Boris_Gavric_FL-e1706869504885-1536x1536.jpg 1536w\" sizes=\"auto, (max-width: 1651px) 100vw, 1651px\" \/><\/figure>\n\n\n\n<h6 class=\"wp-block-heading\"><strong>Senior Vice President, Engines &amp; Thermal Solutions<\/strong><\/h6>\n\n\n\n<p><em>F\u00f6dd 19<\/em>74<\/p>\n\n\n\n<p><em>B.Sc. i biologi, examen i till\u00e4mpad teknik, M.Sc. i biomedicinsk teknik, MBA vid Michigan State University.<\/em><\/p>\n\n\n\n<p>Boris kom till Concentric i oktober 2022 som SVP f\u00f6r Engines &amp; Thermal Solutions. Boris har tidigare varit operativ chef f\u00f6r QM-koncernen, en medelstor akt\u00f6r inom plastformsprutning med global n\u00e4rvaro. Innan dess arbetade han p\u00e5 Henniges Automotive, en global ledare inom v\u00e4dert\u00e4tning f\u00f6r fordonsbranschen. Han ansvarade f\u00f6r allt fr\u00e5n teknik och programledning till den operativa verksamheten och M&amp;A, och hans sista befattning var Global Vice President f\u00f6r f\u00f6rs\u00e4ljning och marknadsf\u00f6ring. 2010 bel\u00f6nades Boris med Young Manufacturing Leadership Award fr\u00e5n SAE Foundation.<\/p>\n\n\n\n<p><em>Innehav i Concentric:<\/em> <em>0 aktier<\/em><\/p>\n<\/div>\n<\/div>\n<\/div>\n\n\n\n<div class=\"wp-block-group is-vertical is-layout-flex wp-container-core-group-is-layout-8cf370e7 wp-block-group-is-layout-flex\">\n<div class=\"wp-block-columns is-layout-flex wp-container-core-columns-is-layout-9d6595d7 wp-block-columns-is-layout-flex\">\n<div class=\"wp-block-column is-layout-flow wp-block-column-is-layout-flow\">\n<h5 class=\"wp-block-heading\">Riccardo Cavallari<\/h5>\n\n\n\n<figure class=\"wp-block-image size-full\"><img loading=\"lazy\" decoding=\"async\" width=\"2477\" height=\"1651\" src=\"https:\/\/www.concentricab.com\/content\/uploads\/2023\/12\/CC-221003-Concentric56608.jpg\" alt=\"\" class=\"wp-image-2029\" style=\"aspect-ratio:1;object-fit:cover\" srcset=\"https:\/\/www.concentricab.com\/content\/uploads\/sites\/3\/2023\/12\/CC-221003-Concentric56608.jpg 2477w, https:\/\/www.concentricab.com\/content\/uploads\/sites\/3\/2023\/12\/CC-221003-Concentric56608-300x200.jpg 300w, https:\/\/www.concentricab.com\/content\/uploads\/sites\/3\/2023\/12\/CC-221003-Concentric56608-1024x683.jpg 1024w, https:\/\/www.concentricab.com\/content\/uploads\/sites\/3\/2023\/12\/CC-221003-Concentric56608-768x512.jpg 768w, https:\/\/www.concentricab.com\/content\/uploads\/sites\/3\/2023\/12\/CC-221003-Concentric56608-1536x1024.jpg 1536w, https:\/\/www.concentricab.com\/content\/uploads\/sites\/3\/2023\/12\/CC-221003-Concentric56608-2048x1365.jpg 2048w\" sizes=\"auto, (max-width: 2477px) 100vw, 2477px\" \/><\/figure>\n\n\n\n<h6 class=\"wp-block-heading\"><strong>Vice President Operational Excellence<\/strong><\/h6>\n\n\n\n<p><em>F\u00f6dd 19<\/em>72<\/p>\n\n\n\n<p><em>BSc Kandidatexamen i informationsteknik<\/em><\/p>\n\n\n\n<p>Riccardo kom till Concentric i augusti 2022 som chef f\u00f6r Operational Excellence. Han har tidigare haft olika ledande befattningar p\u00e5 Xylem, en global ledare inom vattenteknik, pumpar och v\u00e4tskehantering. Under sina 13 \u00e5r p\u00e5 Xylem var han bland annat certifierad Lean Six Sigma Champion och Master Black Belt och han hade befattningar som anl\u00e4ggningschef, chef f\u00f6r kontinuerliga f\u00f6rb\u00e4ttringar och kvalitet och senast som chef f\u00f6r Operational Excellence f\u00f6r en global avdelning. Tidigare har Riccardo arbetat p\u00e5 Emerson som Industrial Engineering Manager och Lean Six Sigma Program Manager.<\/p>\n\n\n\n<p><em>Innehav i Concentric: 0 aktier<\/em><\/p>\n<\/div>\n\n\n\n<div class=\"wp-block-column is-layout-flow wp-block-column-is-layout-flow\"><\/div>\n\n\n\n<div class=\"wp-block-column is-layout-flow wp-block-column-is-layout-flow\">\n<h5 class=\"wp-block-heading has-text-align-left\">Roger Ingemey<\/h5>\n\n\n\n<figure class=\"wp-block-image size-full\"><img loading=\"lazy\" decoding=\"async\" width=\"834\" height=\"834\" src=\"https:\/\/www.concentricab.com\/content\/uploads\/2024\/03\/Roger-2024-e1706871413481.png\" alt=\"\" class=\"wp-image-3078\" style=\"aspect-ratio:1;object-fit:cover\" srcset=\"https:\/\/www.concentricab.com\/content\/uploads\/sites\/3\/2024\/03\/Roger-2024-e1706871413481.png 834w, https:\/\/www.concentricab.com\/content\/uploads\/sites\/3\/2024\/03\/Roger-2024-e1706871413481-300x300.png 300w, https:\/\/www.concentricab.com\/content\/uploads\/sites\/3\/2024\/03\/Roger-2024-e1706871413481-150x150.png 150w, https:\/\/www.concentricab.com\/content\/uploads\/sites\/3\/2024\/03\/Roger-2024-e1706871413481-768x768.png 768w\" sizes=\"auto, (max-width: 834px) 100vw, 834px\" \/><\/figure>\n\n\n\n<h6 class=\"wp-block-heading\"><strong>Senior Vice President f\u00f6r segmentet Hydraulik<\/strong><\/h6>\n\n\n\n<p><em>F\u00f6dd <\/em>1967<\/p>\n\n\n\n<p>Doktor i fysikalisk kemi, Universit\u00e4t Duisburg-Essen<\/p>\n\n\n\n<p>Roger kom till Concentric i februari 2024 och \u00e4r baserad vid Concentrics anl\u00e4ggning i Hof i Tyskland.<\/p>\n\n\n\n<p>Under sin karri\u00e4r har Roger bland annat varit verkst\u00e4llande direkt\u00f6r p\u00e5 Schneider Electric samt Vice President p\u00e5 Aliaxis och Circor. Senast arbetade han som operativ chef p\u00e5 Optek-Danulat i Tyskland, med fokus p\u00e5 kontinuerlig f\u00f6rb\u00e4ttring, l\u00f6nsam tillv\u00e4xt och ledarskapsutveckling.<\/p>\n\n\n\n<p><em>Innehav i Concentric: 0 aktier<\/em><\/p>\n<\/div>\n<\/div>\n<\/div>\n\n\n\n<div class=\"wp-block-group has-very-dark-beige-background-color has-background is-vertical is-layout-flex wp-container-core-group-is-layout-8cf370e7 wp-block-group-is-layout-flex\">\n<h3 class=\"wp-block-heading\">VD och koncernledning<\/h3>\n\n\n\n<p>Verkst\u00e4llande direkt\u00f6ren \u00e4r ansvarig f\u00f6r den l\u00f6pande f\u00f6rvaltningen och utvecklingen av bolaget i enlighet med till\u00e4mplig lagstiftning och till\u00e4mpliga regler, inbegripet NASDAQ OMX Stockholms regler samt koden och de instruktioner och strategier som fastst\u00e4llts av styrelsen. Verkst\u00e4llande direkt\u00f6ren s\u00e4kerst\u00e4ller att styrelsen f\u00e5r s\u00e5dan saklig och relevant information som kr\u00e4vs f\u00f6r att styrelsen ska kunna fatta v\u00e4l underbyggda beslut. Verkst\u00e4llande direkt\u00f6ren \u00f6vervakar att bolagets och koncernens m\u00e5l, riktlinjer och de strategiska planer som fastst\u00e4llts av styrelsen efterlevs, och ansvarar f\u00f6r att informera styrelsen om bolagets utveckling mellan styrelsens m\u00f6ten.<\/p>\n\n\n\n<p>Verkst\u00e4llande direkt\u00f6ren leder arbetet i koncernledningen, som \u00e4r ansvarig f\u00f6r den \u00f6vergripande driften av verksamheten samt den framtida aff\u00e4rsutvecklingen. Ut\u00f6ver VD utg\u00f6rs koncernledningen av ekonomidirekt\u00f6ren, SVP:erna f\u00f6r segmenten samt VP f\u00f6r personalavdelningen och Operational Excellence, det vill s\u00e4ga totalt sju personer.<\/p>\n<\/div>\n","protected":false},"excerpt":{"rendered":"<p>Martin Kunz VD och koncernchef F\u00f6dd 1965 M.Sc. i maskinteknik och ekonomi Martin Kunz kom till Concentric i mars 2022 som VD och koncernchef. Innan dess arbetade han i 6 \u00e5r p\u00e5 Xylem Inc. som Vice President &amp; General Manager f\u00f6r Applied Water Systems EMEA samt den globala Specialty Flow Control-verksamheten, och senast som VicePresident [&hellip;]<\/p>\n","protected":false},"author":2,"featured_media":0,"parent":0,"menu_order":0,"comment_status":"closed","ping_status":"closed","template":"","meta":{"_acf_changed":false,"_relevanssi_hide_post":"","_relevanssi_hide_content":"","_relevanssi_pin_for_all":"","_relevanssi_pin_keywords":"","_relevanssi_unpin_keywords":"","_relevanssi_related_keywords":"","_relevanssi_related_include_ids":"","_relevanssi_related_exclude_ids":"","_relevanssi_related_no_append":"","_relevanssi_related_not_related":"","_relevanssi_related_posts":"1740,1745,1742,1752,1749,1","_relevanssi_noindex_reason":"","_trash_the_other_posts":false,"editor_notices":[],"footnotes":""},"class_list":["post-1332","page","type-page","status-publish","hentry"],"acf":[],"_links":{"self":[{"href":"https:\/\/www.concentricab.com\/se\/wp-json\/wp\/v2\/pages\/1332","targetHints":{"allow":["GET"]}}],"collection":[{"href":"https:\/\/www.concentricab.com\/se\/wp-json\/wp\/v2\/pages"}],"about":[{"href":"https:\/\/www.concentricab.com\/se\/wp-json\/wp\/v2\/types\/page"}],"author":[{"embeddable":true,"href":"https:\/\/www.concentricab.com\/se\/wp-json\/wp\/v2\/users\/2"}],"replies":[{"embeddable":true,"href":"https:\/\/www.concentricab.com\/se\/wp-json\/wp\/v2\/comments?post=1332"}],"version-history":[{"count":9,"href":"https:\/\/www.concentricab.com\/se\/wp-json\/wp\/v2\/pages\/1332\/revisions"}],"predecessor-version":[{"id":4258,"href":"https:\/\/www.concentricab.com\/se\/wp-json\/wp\/v2\/pages\/1332\/revisions\/4258"}],"wp:attachment":[{"href":"https:\/\/www.concentricab.com\/se\/wp-json\/wp\/v2\/media?parent=1332"}],"curies":[{"name":"wp","href":"https:\/\/api.w.org\/{rel}","templated":true}]}}