{"id":1320,"date":"2023-11-14T12:23:39","date_gmt":"2023-11-14T12:23:39","guid":{"rendered":"https:\/\/www.concentricab.com\/?page_id=1320"},"modified":"2024-07-25T07:54:22","modified_gmt":"2024-07-25T06:54:22","slug":"sustainability","status":"publish","type":"page","link":"https:\/\/www.concentricab.com\/se\/sustainability\/","title":{"rendered":"H\u00e5llbarhet"},"content":{"rendered":"\n<div class=\"wp-block-group has-light-grey-background-color has-background is-vertical is-layout-flex wp-container-core-group-is-layout-8cf370e7 wp-block-group-is-layout-flex\">\n<div class=\"wp-block-columns is-layout-flex wp-container-core-columns-is-layout-9d6595d7 wp-block-columns-is-layout-flex\">\n<div class=\"wp-block-column is-layout-flow wp-block-column-is-layout-flow\" style=\"flex-basis:66.66%\">\n<h3 class=\"wp-block-heading\">V\u00e5r ambition<\/h3>\n\n\n\n<p>Att s\u00e4kerst\u00e4lla att h\u00e5llbarhet \u00e4r prioriterat och integreras i hela verksamheten, med fokus p\u00e5 klimat och resurser, innovativa produkter och samarbeten, och v\u00e5ra medarbetare.<\/p>\n\n\n\n<figure class=\"wp-block-gallery has-nested-images columns-default is-cropped wp-block-gallery-1 is-layout-flex wp-block-gallery-is-layout-flex\">\n<figure class=\"wp-block-image size-large\"><img loading=\"lazy\" decoding=\"async\" width=\"1024\" height=\"422\" data-id=\"4348\" src=\"https:\/\/www.concentricab.com\/content\/uploads\/sites\/3\/2024\/07\/SustainabilityCAB-1-1024x422.png\" alt=\"\" class=\"wp-image-4348\" srcset=\"https:\/\/www.concentricab.com\/content\/uploads\/sites\/3\/2024\/07\/SustainabilityCAB-1-1024x422.png 1024w, https:\/\/www.concentricab.com\/content\/uploads\/sites\/3\/2024\/07\/SustainabilityCAB-1-300x124.png 300w, https:\/\/www.concentricab.com\/content\/uploads\/sites\/3\/2024\/07\/SustainabilityCAB-1-768x316.png 768w, https:\/\/www.concentricab.com\/content\/uploads\/sites\/3\/2024\/07\/SustainabilityCAB-1-1536x633.png 1536w, https:\/\/www.concentricab.com\/content\/uploads\/sites\/3\/2024\/07\/SustainabilityCAB-1-2048x844.png 2048w\" sizes=\"auto, (max-width: 1024px) 100vw, 1024px\" \/><\/figure>\n<\/figure>\n<\/div>\n\n\n\n<div class=\"wp-block-column is-layout-flow wp-block-column-is-layout-flow\" style=\"flex-basis:33.33%\">            <div class=\"side-menu-container\">\n            <h6>Hallbarhet<\/h6>\n            <ul>\n                                        <li>\n                            <a href=\"https:\/\/www.concentricab.com\/se\/sustainability\/\">\n                                V\u00e5r ambition                            <\/a>\n                    \n                    \n                                            <\/li>                           \n                        \n                                            <li>\n                            <a href=\"\/se\/sustainability\/#our-philosophy\">\n                                V\u00e5r filosofi                            <\/a>\n                    \n                    \n                    \n                    \n                    \n                                                    <ul class=\"sub-menu\">\n                        \n                            <li>\n                                <a href=\"https:\/\/www.concentricab.com\/se\/sustainability\/people\/\">Personalen<\/a>\n                            <\/li>\n\n                                            \n                    \n                    \n                    \n                        \n                            <li>\n                                <a href=\"https:\/\/www.concentricab.com\/se\/sustainability\/planet\/\">Planeten<\/a>\n                            <\/li>\n\n                                            \n                    \n                    \n                    \n                        \n                            <li>\n                                <a href=\"https:\/\/www.concentricab.com\/se\/sustainability\/innovative-products-partnerships\/\">Innovativa produkter och samarbeten<\/a>\n                            <\/li>\n\n                                            \n                    \n                    \n                    \n                        \n                            <li>\n                                <a href=\"https:\/\/www.concentricab.com\/se\/sustainability\/policies-and-governance\/\">Policyer och styrning<\/a>\n                            <\/li>\n\n                                                    <\/ul>\n                                                \n                                            <\/li>                           \n                        \n                                            <li>\n                            <a href=\"https:\/\/www.concentricab.com\/se\/sustainability-reports\/\">\n                                H\u00e5llbarhetsrapporter                            <\/a>\n                    \n                    \n                                            <\/li>                           \n                        \n                                            <li>\n                            <a href=\"https:\/\/www.concentricab.com\/se\/corporate-governance\/\">\n                                F\u00f6retagsstyrning                            <\/a>\n                    \n                    \n                    \n                                <\/ul>\n        <\/div>\n    <\/div>\n<\/div>\n<\/div>\n\n\n    \n    <div id=\"our-philosophy\" class=\"html-anchor\"><\/div>\n\n\n\n<div class=\"wp-block-group is-vertical is-layout-flex wp-container-core-group-is-layout-8cf370e7 wp-block-group-is-layout-flex\">            <div class=\"accordian-wrapper\">\n            <div class=\"accordian-content\">\n                <div class=\"cta-heading\">\n                    <div class=\"heading\">\n                                                                        <h4 class=\"large\">V\u00e5r filosofi<\/h4>                        <p>Det \u00e4r styrelsens och ledningens uppfattning att Concentrics fr\u00e4msta bidrag till en mer h\u00e5llbar v\u00e4rld sker genom att vi lyfter v\u00e5ra medarbetare, etisk tillv\u00e4xt som \u00e4r bra f\u00f6r planeten och att leverera innovativa produkter samtidigt som vi fr\u00e4mjar samarbeten som g\u00f6r det m\u00f6jligt f\u00f6r v\u00e5r kunder att minska sin klimatp\u00e5verkan.<\/p>\n                    <\/div>\n                <\/div>\n                <div class=\"accordian-content-wrapper\">\n                                            <ul class=\"accordion\">\n                                                            <li>\n                                    <a href=\"#\" class=\"accordion-header\">Personalen<\/a>\n                                    <div class=\"accordion-content-slider\">\n                                        <div class=\"accordion-content\">\n                                            <p>Lyfta v\u00e5ra medarbetare s\u00e5 att de kan leverera den b\u00e4sta servicen till v\u00e5ra kunder och g\u00f6ra skillnad f\u00f6r v\u00e4rlden i stort<br \/>\n<a href=\"https:\/\/www.concentricab.com\/se\/sustainability\/people\/\" target=\"_blank\" rel=\"noopener\">L\u00e4s mer<\/a><\/p>\n                                        <\/div>\n                                    <\/div>\n                                <\/li>\n                                                            <li>\n                                    <a href=\"#\" class=\"accordion-header\">Planeten<\/a>\n                                    <div class=\"accordion-content-slider\">\n                                        <div class=\"accordion-content\">\n                                            <p>Uppn\u00e5 h\u00e5llbar l\u00e5ngsiktig finansiell tillv\u00e4xt p\u00e5 ett etiskt s\u00e4tt som bidrar till \u00f6kad v\u00e4lf\u00e4rd f\u00f6r planeten<br \/>\n<a href=\"https:\/\/www.concentricab.com\/se\/sustainability\/planet\/\" target=\"_blank\" rel=\"noopener\">L\u00e4s mer<\/a><\/p>\n                                        <\/div>\n                                    <\/div>\n                                <\/li>\n                                                            <li>\n                                    <a href=\"#\" class=\"accordion-header\">Innovativa produkter och samarbeten<\/a>\n                                    <div class=\"accordion-content-slider\">\n                                        <div class=\"accordion-content\">\n                                            <p>M\u00e5lmedvetet arbeta med att leverera ledande produkter som hj\u00e4lper v\u00e5ra kunder att \u00f6ka energieffektiviteten och minska sin milj\u00f6p\u00e5verkan<br \/>\n<a href=\"https:\/\/www.concentricab.com\/se\/sustainability\/innovative-products-partnerships\/\" target=\"_blank\" rel=\"noopener\">L\u00e4s mer<\/a><\/p>\n                                        <\/div>\n                                    <\/div>\n                                <\/li>\n                                                            <li>\n                                    <a href=\"#\" class=\"accordion-header\">Policyer och styrning<\/a>\n                                    <div class=\"accordion-content-slider\">\n                                        <div class=\"accordion-content\">\n                                            <p>Concentric har vidtagit flera \u00e5tg\u00e4rder f\u00f6r att st\u00e4rka strukturen f\u00f6r bolagets h\u00e5llbarhetsstyrning, f\u00f6r att s\u00e4kerst\u00e4lla att h\u00e5llbarhetsaspekter prioriteras och integreras i hela verksamheten. Concentric planerar att slutf\u00f6ra drifts\u00e4ttningen av planerna f\u00f6r att st\u00f6dja tillv\u00e4xt i verksamheten parallellt med \u00f6verg\u00e5ngen till en koldioxidneutral framtid. Styrelsen har det \u00f6vergripande ansvaret f\u00f6r h\u00e5llbarhetsarbetet och fastst\u00e4ller policyer och inriktning. Styrelsen har fastst\u00e4llt ett antal principer och policyer i linje med v\u00e5ra ambitioner.<br \/>\n<a href=\"https:\/\/www.concentricab.com\/se\/sustainability\/policies-and-governance\/\" target=\"_blank\" rel=\"noopener\">L\u00e4s mer<\/a><\/p>\n                                        <\/div>\n                                    <\/div>\n                                <\/li>\n                                                    <\/ul>\n                                    <\/div>\n            <\/div>\n        <\/div>\n    <\/div>\n\n\n\n<div class=\"wp-block-group is-vertical is-layout-flex wp-container-core-group-is-layout-8cf370e7 wp-block-group-is-layout-flex\">\n<h3 class=\"wp-block-heading\"><strong>V\u00e5r vision, v\u00e5ra m\u00e5l och k\u00e4rnv\u00e4rden<\/strong><\/h3>\n\n\n\n<figure class=\"wp-block-gallery has-nested-images columns-default is-cropped wp-block-gallery-2 is-layout-flex wp-block-gallery-is-layout-flex\">\n<figure class=\"wp-block-image size-large\"><img loading=\"lazy\" decoding=\"async\" width=\"1024\" height=\"477\" data-id=\"4356\" src=\"https:\/\/www.concentricab.com\/content\/uploads\/sites\/3\/2024\/07\/Vision-Mission-Values-Swedish-1024x477.png\" alt=\"\" class=\"wp-image-4356\" srcset=\"https:\/\/www.concentricab.com\/content\/uploads\/sites\/3\/2024\/07\/Vision-Mission-Values-Swedish-1024x477.png 1024w, https:\/\/www.concentricab.com\/content\/uploads\/sites\/3\/2024\/07\/Vision-Mission-Values-Swedish-300x140.png 300w, https:\/\/www.concentricab.com\/content\/uploads\/sites\/3\/2024\/07\/Vision-Mission-Values-Swedish-768x358.png 768w, https:\/\/www.concentricab.com\/content\/uploads\/sites\/3\/2024\/07\/Vision-Mission-Values-Swedish-1536x715.png 1536w, https:\/\/www.concentricab.com\/content\/uploads\/sites\/3\/2024\/07\/Vision-Mission-Values-Swedish-2048x953.png 2048w\" sizes=\"auto, (max-width: 1024px) 100vw, 1024px\" \/><\/figure>\n<\/figure>\n<\/div>\n\n\n\n<div class=\"wp-block-group is-vertical is-layout-flex wp-container-core-group-is-layout-8cf370e7 wp-block-group-is-layout-flex\">    <div class=\"testimonial-block\">\n        <div class=\"testimonial-panel-wrapper\">\n            <div class=\"image\">\n                <img decoding=\"async\" src=\"https:\/\/www.concentricab.com\/content\/uploads\/sites\/3\/2023\/11\/Martin-Kunz-March-2023.jpg\" \/>            <\/div>\n            <div class=\"testimonial\">\n                <div class=\"cite\">ETT CITAT FR\u00c5N MARTIN KUNZ, VD OCH KONCERNCHEF<\/div>                <blockquote>\u201cH\u00e5llbarhet f\u00f6r s\u00e5v\u00e4l produkter som m\u00e4nniskor \u00e4r en integrerad del i v\u00e5r verksamhet.\u201d<\/blockquote>            <\/div>\n        <\/div>\n    <\/div>\n<\/div>\n","protected":false},"excerpt":{"rendered":"<p>V\u00e5r ambition Att s\u00e4kerst\u00e4lla att h\u00e5llbarhet \u00e4r prioriterat och integreras i hela verksamheten, med fokus p\u00e5 klimat och resurser, innovativa produkter och samarbeten, och v\u00e5ra medarbetare. V\u00e5r vision, v\u00e5ra m\u00e5l och k\u00e4rnv\u00e4rden<\/p>\n","protected":false},"author":2,"featured_media":0,"parent":0,"menu_order":0,"comment_status":"closed","ping_status":"closed","template":"","meta":{"_acf_changed":false,"_relevanssi_hide_post":"","_relevanssi_hide_content":"","_relevanssi_pin_for_all":"","_relevanssi_pin_keywords":"","_relevanssi_unpin_keywords":"","_relevanssi_related_keywords":"","_relevanssi_related_include_ids":"","_relevanssi_related_exclude_ids":"","_relevanssi_related_no_append":"","_relevanssi_related_not_related":"","_relevanssi_related_posts":"1740,1742,1745,1749,1752,1","_relevanssi_noindex_reason":"","_trash_the_other_posts":false,"editor_notices":[],"footnotes":""},"class_list":["post-1320","page","type-page","status-publish","hentry"],"acf":[],"_links":{"self":[{"href":"https:\/\/www.concentricab.com\/se\/wp-json\/wp\/v2\/pages\/1320","targetHints":{"allow":["GET"]}}],"collection":[{"href":"https:\/\/www.concentricab.com\/se\/wp-json\/wp\/v2\/pages"}],"about":[{"href":"https:\/\/www.concentricab.com\/se\/wp-json\/wp\/v2\/types\/page"}],"author":[{"embeddable":true,"href":"https:\/\/www.concentricab.com\/se\/wp-json\/wp\/v2\/users\/2"}],"replies":[{"embeddable":true,"href":"https:\/\/www.concentricab.com\/se\/wp-json\/wp\/v2\/comments?post=1320"}],"version-history":[{"count":10,"href":"https:\/\/www.concentricab.com\/se\/wp-json\/wp\/v2\/pages\/1320\/revisions"}],"predecessor-version":[{"id":4389,"href":"https:\/\/www.concentricab.com\/se\/wp-json\/wp\/v2\/pages\/1320\/revisions\/4389"}],"wp:attachment":[{"href":"https:\/\/www.concentricab.com\/se\/wp-json\/wp\/v2\/media?parent=1320"}],"curies":[{"name":"wp","href":"https:\/\/api.w.org\/{rel}","templated":true}]}}