{"id":1086,"date":"2023-11-10T17:03:13","date_gmt":"2023-11-10T17:03:13","guid":{"rendered":"https:\/\/www.concentricab.com\/?page_id=1086"},"modified":"2024-07-22T11:01:22","modified_gmt":"2024-07-22T10:01:22","slug":"investors","status":"publish","type":"page","link":"https:\/\/www.concentricab.com\/se\/investors\/","title":{"rendered":"Concentric f\u00f6r investerare"},"content":{"rendered":"        <section class=\"hero general-heading\">\n                                <video preload playsinline autoplay muted loop id=\"cover-video\" poster=\"https:\/\/customer-j3kka8bfjkzs9jiv.cloudflarestream.com\/62921d4cb7009d3a8b8a0864ab86a05d\/thumbnails\/thumbnail.jpg\"><\/video>\n            <script>\n                let video_id = '62921d4cb7009d3a8b8a0864ab86a05d';\n                let video = document.getElementById(\"cover-video\");\n                let video_hls_src = \"https:\/\/videodelivery.net\/\"+video_id+\"\/manifest\/video.m3u8\";\n\n                if (Hls.isSupported()) {\n                    let hls = new Hls();\n                    hls.loadSource(video_hls_src);\n                    hls.attachMedia(document.getElementById(\"cover-video\"));\n                } else if (video.canPlayType('application\/vnd.apple.mpegurl')) {\n                    console.log('HLS stream not supported')\n                    video.src = video_hls_src;\n                }\n            <\/script>\n                <div class=\"contain\">\n            <div class=\"cta-heading\">\n                <div class=\"heading\">\n                    <span class=\"pre-header\">Investerare<\/span>                    <h2 class=\"h1 full\">Concentric erbjuder innovativa l\u00f6sningar inom fl\u00f6deskontroll och fl\u00f6deskraft<\/h2>                    <p>Bolaget levererar egenutvecklade system och komponenter till ledande tillverkare av entreprenadmaskiner, lastbilar, lantbruksmaskiner och industriprodukter.<\/p>                <\/div>\n            <\/div>\n        <\/div>\n    <\/section>\n\n\n        <section class=\"investor-updates\">\n        <div class=\"contain\">\n            <div class=\"latest\">\n                <div class=\"section-heading with-border\">\n                    <div class=\"heading\">\n                        <h4 class=\"full\">De senaste investeraruppdateringarna<\/h4>\n                    <\/div>\n                <\/div>\n                <div id=\"target-release-list\"><\/div>\n            <\/div>\n            \n            <div id=\"no-published-releases-container\" style=\"text-align: center\" hidden>\n                <h5>Inga publicerade pressmeddelanden<\/h5>\n            <\/div>\n            <script id=\"tplReleaseList\" type=\"text\/x-jsrender\">\n                <ul class=\"posts press-releases\">\n                    {{for Releases start=0 end=1}}\n                        <li>\n                            <div class=\"panel-post\">\n                                <div class=\"post-top{{if ThumbnailUrl.length == 0}} no-thumbnail{{\/if}}\">\n                                    {{if ThumbnailUrl.length}}\n                                        <div class=\"image\">\n                                            <a href=\"https:\/\/www.concentricab.com\/se\/press-releases\/?releaseIdentifier={{>EncryptedId}}\"><img decoding=\"async\" src=\"{{:ThumbnailUrl}}\" alt=\"{{>Title}}\" \/><\/a>\n                                        <\/div>\n                                    {{\/if}}\n                                    <div class=\"content\">\n                                        <ul class=\"tags\">\n                                            <li><a href=\"https:\/\/www.concentricab.com\/se\/press-releases\/\" class=\"pill\">Pressmeddelande<\/a><\/li>\n                                        <\/ul>\n                                        <h4 class=\"h5\">\n                                            <a href=\"https:\/\/www.concentricab.com\/se\/press-releases\/?releaseIdentifier={{>EncryptedId}}\">{{>Title}}<\/a>\n                                        <\/h4>\n                                        {{if Intro.length > 0}}\n                                            <p class=\"excerpt\">{{>Intro}}<\/p>\n                                        {{\/if}}\n                                    <\/div>\n                                <\/div>\n                                <a class=\"post-bottom\" href=\"https:\/\/www.concentricab.com\/se\/press-releases\/?releaseIdentifier={{>EncryptedId}}\">\n                                    <div class=\"meta\">{{>PublishDateFormatted}}<\/div>\n                                    <div class=\"action\"><span class=\"read-more\">Read more<\/span><\/div>\n                                <\/a>\n                            <\/div>\n                        <\/li>\n                    {{\/for}}\n                    {{for Releases start=1 end=2}}\n                        <li>\n                            <div class=\"panel-post\">\n                                <div class=\"post-top{{if ThumbnailUrl.length == 0}} no-thumbnail{{\/if}}\">\n                                    {{if ThumbnailUrl.length}}\n                                        <div class=\"image\">\n                                            <a href=\"https:\/\/www.concentricab.com\/se\/press-releases\/?releaseIdentifier={{>EncryptedId}}\"><img decoding=\"async\" src=\"{{:ThumbnailUrl}}\" alt=\"{{>Title}}\" \/><\/a>\n                                        <\/div>\n                                    {{\/if}}\n                                    <div class=\"content\">\n                                        <ul class=\"tags\">\n                                            <li><a href=\"https:\/\/www.concentricab.com\/se\/press-releases\/\" class=\"pill\">Pressmeddelande<\/a><\/li>\n                                        <\/ul>\n                                        <h4 class=\"h6\">\n                                            <a href=\"https:\/\/www.concentricab.com\/se\/press-releases\/?releaseIdentifier={{>EncryptedId}}\">{{>Title}}<\/a>\n                                        <\/h4>\n                                        {{if Intro.length > 0}}\n                                            <p class=\"excerpt\">{{>Intro}}<\/p>\n                                        {{\/if}}\n                                    <\/div>\n                                <\/div>\n                                <a class=\"post-bottom\" href=\"https:\/\/www.concentricab.com\/se\/press-releases\/?releaseIdentifier={{>EncryptedId}}\">\n                                    <div class=\"meta\">{{>PublishDateFormatted}}<\/div>\n                                    <div class=\"action\"><span class=\"read-more\">Read more<\/span><\/div>\n                                <\/a>\n                            <\/div>\n                        <\/li>\n                    {{\/for}}\n                <\/ul>\n                {{for Releases start=2 end=3}}\n                <div class=\"more-updates\">\n                    <div class=\"section-heading with-border\">\n                        <div class=\"heading\">\n                            <h4 class=\"full\">Fler uppdateringar<\/h4>\n                        <\/div>\n                        <div class=\"action\">\n                            <a href=\"https:\/\/www.concentricab.com\/se\/press-releases\/\" class=\"btn btn-white icon btn-arrow-right\">Visa alla investeraruppdateringar<\/a>\n                        <\/div>\n                    <\/div>\n                \n                    <ul class=\"posts\">\n                        <li>\n                            <div class=\"panel-post\">\n                                <div class=\"post-top{{if ThumbnailUrl.length == 0}} no-thumbnail{{\/if}}\">\n                                    {{if ThumbnailUrl.length}}\n                                        <div class=\"image\">\n                                            <a href=\"https:\/\/www.concentricab.com\/se\/press-releases\/?releaseIdentifier={{>EncryptedId}}\"><img decoding=\"async\" src=\"{{:ThumbnailUrl}}\" alt=\"{{>Title}}\" \/><\/a>\n                                        <\/div>\n                                    {{\/if}}\n                                    <div class=\"content\">\n                                        <ul class=\"tags\">\n                                            <li><a href=\"https:\/\/www.concentricab.com\/se\/press-releases\/\" class=\"pill\">Pressmeddelande<\/a><\/li>\n                                        <\/ul>\n                                        <h4 class=\"h6\">\n                                            <a href=\"https:\/\/www.concentricab.com\/se\/press-releases\/?releaseIdentifier={{>EncryptedId}}\">{{>Title}}<\/a>\n                                        <\/h4>\n                                        {{if Intro.length > 0}}\n                                            <p class=\"excerpt\">{{>Intro}}<\/p>\n                                        {{\/if}}\n                                    <\/div>\n                                <\/div>\n                                <a class=\"post-bottom\" href=\"https:\/\/www.concentricab.com\/se\/press-releases\/?releaseIdentifier={{>EncryptedId}}\">\n                                    <div class=\"meta\">{{>PublishDateFormatted}}<\/div>\n                                    <div class=\"action\"><span class=\"read-more\">Read more<\/span><\/div>\n                                <\/a>\n                            <\/div>\n                        <\/li>\n                    {{\/for}}\n                    {{for Releases start=3 end=5}}\n                        <li>\n                            <div class=\"panel-post\">\n                                <div class=\"post-top{{if ThumbnailUrl.length == 0}} no-thumbnail{{\/if}}\">\n                                    {{if ThumbnailUrl.length}}\n                                        <div class=\"image\">\n                                            <a href=\"https:\/\/www.concentricab.com\/se\/press-releases\/?releaseIdentifier={{>EncryptedId}}\"><img decoding=\"async\" src=\"{{:ThumbnailUrl}}\" alt=\"{{>Title}}\" \/><\/a>\n                                        <\/div>\n                                    {{\/if}}\n                                    <div class=\"content\">\n                                        <ul class=\"tags\">\n                                            <li><a href=\"https:\/\/www.concentricab.com\/se\/press-releases\/\" class=\"pill\">Pressmeddelande<\/a><\/li>\n                                        <\/ul>\n                                        <h4 class=\"h6\">\n                                            <a href=\"https:\/\/www.concentricab.com\/se\/press-releases\/?releaseIdentifier={{>EncryptedId}}\">{{>Title}}<\/a>\n                                        <\/h4>\n                                        {{if Intro.length > 0}}\n                                            <p class=\"excerpt\">{{>Intro}}<\/p>\n                                        {{\/if}}\n                                    <\/div>\n                                <\/div>\n                                <a class=\"post-bottom\" href=\"https:\/\/www.concentricab.com\/se\/press-releases\/?releaseIdentifier={{>EncryptedId}}\">\n                                    <div class=\"meta\">{{>PublishDateFormatted}}<\/div>\n                                    <div class=\"action\"><span class=\"read-more\">Read more<\/span><\/div>\n                                <\/a>\n                            <\/div>\n                        <\/li>\n                    {{\/for}}\n                    <\/ul>\n                <\/div>\n            <\/script>\n            <script type=\"text\/javascript\">\n                var $ = jQuery.noConflict();\n\n                $(function () {\n                    changePage(0, 5, true);\n                });\n\n                function changePage(pageIndex, pageSize, init = false) {\n                    cision.websolution.newsfeed.render({\n                        pageIndex: pageIndex,\n                        pageSize: pageSize,\n                        introMaxLength: 120\n                    });\n                    \/\/scroll to top of page\n                    if (!init) {\n                        $('html, body').animate({\n                            scrollTop: $(\"#target-release-list\").offset().top\n                        }, 10);\n                    }\n                };\n            <\/script>\n        <\/div>\n    <\/section>\n\n\n\n<div class=\"wp-block-group has-lighter-grey-background-color has-background is-vertical is-layout-flex wp-container-core-group-is-layout-8cf370e7 wp-block-group-is-layout-flex\">    <div class=\"subscribe-panel\">\n        <div class=\"subscribe-content\">\n            <h3>De senaste nyheterna f\u00f6r investerare<\/h3>            <div class=\"text\">\n                                <a href=\"#\" class=\"btn btn-white btn-chunky btn-primary js-btn-subscribe\">Prenumerera p\u00e5 uppdateringar<\/a>\n            <\/div>\n        <\/div>\n    <\/div>\n<\/div>\n\n\n\n<div class=\"wp-block-group has-beige-background-color has-background is-vertical is-layout-flex wp-container-core-group-is-layout-8cf370e7 wp-block-group-is-layout-flex\">    <div class=\"section-heading with-border\">\n        <div class=\"heading\">\n            <h4 class=\"full\">Fler nyheter<\/h4>\n        <\/div>\n                    <div class=\"action\">\n                <a href=\"https:\/\/www.concentricab.com\/se\/reports\/\" target=\"_blank\" class=\"btn btn-white\">Registrera dig f\u00f6r att f\u00e5 nyheter<\/a>\n            <\/div>\n            <\/div>\n\n\n            <div class=\"reports-wrapper\">\n        <ul class=\"posts\">\n                                                <li>            <a href=\"https:\/\/www.concentricab.com\/content\/uploads\/sites\/3\/2024\/04\/2023_Concentric_AR_SVE_FINAL.pdf\" target=\"_blank\" class=\"panel-report\">\n            <div class=\"content-wrapper\">\n                                <div class=\"file-attributes\">PDF, 9,95 MB<\/div>\n                                        <h3>\u00c5rsredovisning 2023<\/h3>\n        <\/div>\n    <\/a>\n<\/li>\n                                                                                                    <li>            <a href=\"https:\/\/www.concentricab.com\/content\/uploads\/sites\/3\/2024\/05\/Concentric-QuarterlyReport-1-2024-Swedish.pdf\" target=\"_blank\" class=\"panel-report\">\n            <div class=\"content-wrapper\">\n                                <div class=\"file-attributes\">PDF, 1&nbsp;021,12 KB<\/div>\n                                        <h3>Kvartal 1 2024 Del\u00e5rsrapport<\/h3>\n        <\/div>\n    <\/a>\n<\/li>\n                                                        <\/ul>\n    <\/div>\n    <\/div>\n\n\n            <section class=\"background-cta stretch\">\n                        <div class=\"background-contain\" style=\"background: linear-gradient(228deg, rgba(0, 0, 0, 0) 8.79%, rgba(0, 0, 0, 0.7) 85.66%), url(https:\/\/www.concentricab.com\/content\/uploads\/sites\/3\/2023\/11\/sustainability-bg.jpg) bottom right, lightgray -54px -193.654px\/107.5% 137.029% no-repeat;background-size: cover;\"><\/div>\n            <div class=\"contain\">\n                <div class=\"cta-heading\">\n                    <div class=\"heading\">\n                        <span class=\"pre-header\">Sustainability<\/span>                        <h3 class=\"large\">Vi kombinerar teknik och innovation f\u00f6r att bidra till en <br \/><span class=\"orange\">h\u00e5llbar framtid<\/span><\/h2>\n                    <\/div>\n                                            <div class=\"action\">\n                            <a href=\".\/h\u00e5llbarhet\/\" target=\"_blank\" class=\"btn btn-chunky btn-orange icon btn-arrow-right\">L\u00e4s mer<\/a>\n                        <\/div>\n                                    <\/div>\n            <\/div>\n        <\/section>\n    \n\n\n<div class=\"wp-block-group has-very-dark-grey-background-color has-background is-vertical is-content-justification-left is-layout-flex wp-container-core-group-is-layout-c0ca7d81 wp-block-group-is-layout-flex\">\n<h4 class=\"wp-block-heading\"><strong>H\u00e5llbarhetsarbetet \u00e4r en integrerad del av Concentrics verksamhet och \u00e4r n\u00e5got vi tar h\u00e4nsyn till n\u00e4r vi samarbetar med alla v\u00e5ra intressenteArbetet med h\u00e5llbarhet \u00e4r en integrerad del i Concentrics verksamhet, och det \u00e4r en aspekt som genomsyrar alla kontakter och samarbeten med v\u00e5ra intressenter.<\/strong><\/h4>\n\n\n        <\/div>\n\n\n\n<div class=\"wp-block-group is-vertical is-content-justification-left is-layout-flex wp-container-core-group-is-layout-c0ca7d81 wp-block-group-is-layout-flex\">    <div class=\"section-heading with-border\">\n        <div class=\"heading\">\n            <h4 class=\"full\">Finansiella nyheter i korthet 2023<\/h4>\n        <\/div>\n            <\/div>\n\n\n            <div class=\"stats-block-wrapper\">\n            <ul class=\"stats\">\n                                    <li>\n                        <div class=\"stat-panel\">\n                            <span>Inkomst (MSEK)<\/span>                            <span class=\"h2\">4,205<\/span>                        <\/div>\n                    <\/li>\n                                    <li>\n                        <div class=\"stat-panel\">\n                            <span>R\u00f6relsemarginal %<\/span>                            <span class=\"h2\">14.2%<\/span>                        <\/div>\n                    <\/li>\n                                    <li>\n                        <div class=\"stat-panel\">\n                            <span>Resultat per aktie f\u00f6re utsp\u00e4dning (SEK)<\/span>                            <span class=\"h2\">11.00<\/span>                        <\/div>\n                    <\/li>\n                            <\/ul>\n        <\/div>\n    <\/div>\n\n\n\n<div class=\"wp-block-group has-beige-background-color has-background is-vertical is-content-justification-left is-layout-flex wp-container-core-group-is-layout-c0ca7d81 wp-block-group-is-layout-flex\"><div class=\"image-feature-panel directors\">\n    <div class=\"text\">\n        <span class=\"pre-header\">Styrelse<\/span>        <h4>Concentric samlar ledare och experter f\u00f6r att fr\u00e4mja snabbare l\u00f6nsam tillv\u00e4xt och nya finansiella m\u00e5l<\/h4>                    <a href=\".\/styrelse\/\" class=\"btn btn-white no-icon\">L\u00e4s mer<\/a>\n            <\/div>\n    <\/div><\/div>\n","protected":false},"excerpt":{"rendered":"<p>H\u00e5llbarhetsarbetet \u00e4r en integrerad del av Concentrics verksamhet och \u00e4r n\u00e5got vi tar h\u00e4nsyn till n\u00e4r vi samarbetar med alla v\u00e5ra intressenteArbetet med h\u00e5llbarhet \u00e4r en integrerad del i Concentrics verksamhet, och det \u00e4r en aspekt som genomsyrar alla kontakter och samarbeten med v\u00e5ra intressenter.<\/p>\n","protected":false},"author":1,"featured_media":0,"parent":0,"menu_order":0,"comment_status":"closed","ping_status":"closed","template":"","meta":{"_acf_changed":false,"_relevanssi_hide_post":"","_relevanssi_hide_content":"","_relevanssi_pin_for_all":"","_relevanssi_pin_keywords":"","_relevanssi_unpin_keywords":"","_relevanssi_related_keywords":"","_relevanssi_related_include_ids":"","_relevanssi_related_exclude_ids":"","_relevanssi_related_no_append":"","_relevanssi_related_not_related":"","_relevanssi_related_posts":"1749,1740,1742,1745,1752,1","_relevanssi_noindex_reason":"","_trash_the_other_posts":false,"editor_notices":[],"footnotes":""},"class_list":["post-1086","page","type-page","status-publish","hentry"],"acf":[],"_links":{"self":[{"href":"https:\/\/www.concentricab.com\/se\/wp-json\/wp\/v2\/pages\/1086","targetHints":{"allow":["GET"]}}],"collection":[{"href":"https:\/\/www.concentricab.com\/se\/wp-json\/wp\/v2\/pages"}],"about":[{"href":"https:\/\/www.concentricab.com\/se\/wp-json\/wp\/v2\/types\/page"}],"author":[{"embeddable":true,"href":"https:\/\/www.concentricab.com\/se\/wp-json\/wp\/v2\/users\/1"}],"replies":[{"embeddable":true,"href":"https:\/\/www.concentricab.com\/se\/wp-json\/wp\/v2\/comments?post=1086"}],"version-history":[{"count":9,"href":"https:\/\/www.concentricab.com\/se\/wp-json\/wp\/v2\/pages\/1086\/revisions"}],"predecessor-version":[{"id":4252,"href":"https:\/\/www.concentricab.com\/se\/wp-json\/wp\/v2\/pages\/1086\/revisions\/4252"}],"wp:attachment":[{"href":"https:\/\/www.concentricab.com\/se\/wp-json\/wp\/v2\/media?parent=1086"}],"curies":[{"name":"wp","href":"https:\/\/api.w.org\/{rel}","templated":true}]}}